{"id":25320,"date":"2017-11-02T11:23:06","date_gmt":"2017-11-02T11:23:06","guid":{"rendered":"https:\/\/www.rosesinteriors.com\/sanitarios-y-grifos\/"},"modified":"2025-01-22T09:39:36","modified_gmt":"2025-01-22T09:39:36","slug":"sanitarios-y-grifos","status":"publish","type":"page","link":"https:\/\/www.rosesinteriors.com\/es\/sanitarios-y-grifos\/","title":{"rendered":"Sanitarios y grifos"},"content":{"rendered":"\t\t<div data-elementor-type=\"wp-page\" data-elementor-id=\"25320\" class=\"elementor elementor-25320 elementor-4337\" data-elementor-post-type=\"page\">\n\t\t\t\t\t\t<section class=\"elementor-section elementor-top-section elementor-element elementor-element-22c53ff elementor-section-boxed elementor-section-height-default elementor-section-height-default\" data-id=\"22c53ff\" data-element_type=\"section\" data-e-type=\"section\">\n\t\t\t\t\t\t<div class=\"elementor-container elementor-column-gap-default\">\n\t\t\t\t\t<div class=\"elementor-column elementor-col-100 elementor-top-column elementor-element elementor-element-492b3d5\" data-id=\"492b3d5\" data-element_type=\"column\" data-e-type=\"column\">\n\t\t\t<div class=\"elementor-widget-wrap elementor-element-populated\">\n\t\t\t\t\t\t<div class=\"elementor-element elementor-element-9f66988 elementor--h-position-center elementor--v-position-middle elementor-arrows-position-inside elementor-pagination-position-inside elementor-widget elementor-widget-slides\" data-id=\"9f66988\" data-element_type=\"widget\" data-e-type=\"widget\" data-settings=\"{&quot;transition&quot;:&quot;fade&quot;,&quot;navigation&quot;:&quot;both&quot;,&quot;autoplay&quot;:&quot;yes&quot;,&quot;pause_on_hover&quot;:&quot;yes&quot;,&quot;pause_on_interaction&quot;:&quot;yes&quot;,&quot;autoplay_speed&quot;:5000,&quot;infinite&quot;:&quot;yes&quot;,&quot;transition_speed&quot;:500}\" data-widget_type=\"slides.default\">\n\t\t\t\t<div class=\"elementor-widget-container\">\n\t\t\t\t\t\t\t\t\t<div class=\"elementor-swiper\">\n\t\t\t\t\t<div class=\"elementor-slides-wrapper elementor-main-swiper swiper\" role=\"region\" aria-roledescription=\"carousel\" aria-label=\"Diapositives\" dir=\"ltr\" data-animation=\"fadeInUp\">\n\t\t\t\t<div class=\"swiper-wrapper elementor-slides\">\n\t\t\t\t\t\t\t\t\t\t<div class=\"elementor-repeater-item-61da5ed swiper-slide\" role=\"group\" aria-roledescription=\"slide\"><div class=\"swiper-slide-bg\" role=\"img\" aria-label=\"the_gap_image_mosaic_basins_fur_1 (1)\"><\/div><div class=\"swiper-slide-inner\" ><div class=\"swiper-slide-contents\"><\/div><\/div><\/div><div class=\"elementor-repeater-item-bc1d0ba swiper-slide\" role=\"group\" aria-roledescription=\"slide\"><div class=\"swiper-slide-bg\" role=\"img\" aria-label=\"como_elegir_inodoro_WC_toilet_2\"><\/div><div class=\"swiper-slide-inner\" ><div class=\"swiper-slide-contents\"><\/div><\/div><\/div><div class=\"elementor-repeater-item-763935e swiper-slide\" role=\"group\" aria-roledescription=\"slide\"><div class=\"swiper-slide-bg\" role=\"img\" aria-label=\"bathroom7\"><\/div><div class=\"swiper-slide-inner\" ><div class=\"swiper-slide-contents\"><\/div><\/div><\/div><div class=\"elementor-repeater-item-223d0b0 swiper-slide\" role=\"group\" aria-roledescription=\"slide\"><div class=\"swiper-slide-bg\" role=\"img\" aria-label=\"bathroom6\"><\/div><div class=\"swiper-slide-inner\" ><div class=\"swiper-slide-contents\"><\/div><\/div><\/div><div class=\"elementor-repeater-item-32677ec swiper-slide\" role=\"group\" aria-roledescription=\"slide\"><div class=\"swiper-slide-bg\" role=\"img\" aria-label=\"bathroom5\"><\/div><div class=\"swiper-slide-inner\" ><div class=\"swiper-slide-contents\"><\/div><\/div><\/div>\t\t\t\t<\/div>\n\t\t\t\t\t\t\t\t\t\t\t\t\t\t\t<div class=\"elementor-swiper-button elementor-swiper-button-prev\" role=\"button\" tabindex=\"0\" aria-label=\"Diapositiva anterior\">\n\t\t\t\t\t\t\t<i aria-hidden=\"true\" class=\"eicon-chevron-left\"><\/i>\t\t\t\t\t\t<\/div>\n\t\t\t\t\t\t<div class=\"elementor-swiper-button elementor-swiper-button-next\" role=\"button\" tabindex=\"0\" aria-label=\"Diapositiva siguiente\">\n\t\t\t\t\t\t\t<i aria-hidden=\"true\" class=\"eicon-chevron-right\"><\/i>\t\t\t\t\t\t<\/div>\n\t\t\t\t\t\t\t\t\t\t\t\t\t\t\t\t<div class=\"swiper-pagination\"><\/div>\n\t\t\t\t\t\t\t\t\t\t\t\t<\/div>\n\t\t\t\t<\/div>\n\t\t\t\t\t\t\t\t<\/div>\n\t\t\t\t<\/div>\n\t\t\t\t\t<\/div>\n\t\t<\/div>\n\t\t\t\t\t<\/div>\n\t\t<\/section>\n\t\t\t\t<section class=\"elementor-section elementor-top-section elementor-element elementor-element-f3e2fe8 elementor-section-boxed elementor-section-height-default elementor-section-height-default\" data-id=\"f3e2fe8\" data-element_type=\"section\" data-e-type=\"section\">\n\t\t\t\t\t\t<div class=\"elementor-container elementor-column-gap-default\">\n\t\t\t\t\t<div class=\"elementor-column elementor-col-100 elementor-top-column elementor-element elementor-element-449d41a\" data-id=\"449d41a\" data-element_type=\"column\" data-e-type=\"column\">\n\t\t\t<div class=\"elementor-widget-wrap elementor-element-populated\">\n\t\t\t\t\t\t<div class=\"elementor-element elementor-element-ae184e7 elementor-widget elementor-widget-heading\" data-id=\"ae184e7\" data-element_type=\"widget\" data-e-type=\"widget\" data-widget_type=\"heading.default\">\n\t\t\t\t<div class=\"elementor-widget-container\">\n\t\t\t\t\t<h2 class=\"elementor-heading-title elementor-size-default\">Sanitarios y grifos  <\/h2>\t\t\t\t<\/div>\n\t\t\t\t<\/div>\n\t\t\t\t<div class=\"elementor-element elementor-element-d66e17a elementor-widget elementor-widget-heading\" data-id=\"d66e17a\" data-element_type=\"widget\" data-e-type=\"widget\" data-widget_type=\"heading.default\">\n\t\t\t\t<div class=\"elementor-widget-container\">\n\t\t\t\t\t<h2 class=\"elementor-heading-title elementor-size-default\">Cada peque\u00f1o detalle cuenta<\/h2>\t\t\t\t<\/div>\n\t\t\t\t<\/div>\n\t\t\t\t<div class=\"elementor-element elementor-element-c9637ab elementor-widget elementor-widget-text-editor\" data-id=\"c9637ab\" data-element_type=\"widget\" data-e-type=\"widget\" data-widget_type=\"text-editor.default\">\n\t\t\t\t<div class=\"elementor-widget-container\">\n\t\t\t\t\t\t\t\t\t<p>Sabemos adaptarnos y lo demostramos con nuestra variada colecci\u00f3n de sanitarios y grifos de las mejores marcas, aquellas centradas en la innovaci\u00f3n y la modernidad, y aquellas que cuidan las formas y estilos m\u00e1s tradicionales. Todo es posible con nosotros.   <\/p>\n\t\t\t\t\t\t\t\t<\/div>\n\t\t\t\t<\/div>\n\t\t\t\t<section class=\"elementor-section elementor-inner-section elementor-element elementor-element-cb27c1d elementor-section-boxed elementor-section-height-default elementor-section-height-default\" data-id=\"cb27c1d\" data-element_type=\"section\" data-e-type=\"section\">\n\t\t\t\t\t\t<div class=\"elementor-container elementor-column-gap-default\">\n\t\t\t\t\t<div class=\"elementor-column elementor-col-25 elementor-inner-column elementor-element elementor-element-7f4267e\" data-id=\"7f4267e\" data-element_type=\"column\" data-e-type=\"column\">\n\t\t\t<div class=\"elementor-widget-wrap elementor-element-populated\">\n\t\t\t\t\t\t<div class=\"elementor-element elementor-element-510e82d elementor-widget elementor-widget-image\" data-id=\"510e82d\" data-element_type=\"widget\" data-e-type=\"widget\" data-widget_type=\"image.default\">\n\t\t\t\t<div class=\"elementor-widget-container\">\n\t\t\t\t\t\t\t\t\t\t\t\t\t\t\t\t<a href=\"https:\/\/www.rosesinteriors.com\/es\/bathco\/\">\n\t\t\t\t\t\t\t<img decoding=\"async\" width=\"300\" height=\"150\" src=\"https:\/\/www.rosesinteriors.com\/wp-content\/uploads\/2017\/10\/bathco-logo.jpg\" class=\"attachment-large size-large wp-image-16678\" alt=\"\" srcset=\"https:\/\/www.rosesinteriors.com\/wp-content\/uploads\/2017\/10\/bathco-logo.jpg 300w, https:\/\/www.rosesinteriors.com\/wp-content\/uploads\/2017\/10\/bathco-logo-260x130.jpg 260w, https:\/\/www.rosesinteriors.com\/wp-content\/uploads\/2017\/10\/bathco-logo-50x25.jpg 50w, https:\/\/www.rosesinteriors.com\/wp-content\/uploads\/2017\/10\/bathco-logo-150x75.jpg 150w\" sizes=\"(max-width: 300px) 100vw, 300px\" \/>\t\t\t\t\t\t\t\t<\/a>\n\t\t\t\t\t\t\t\t\t\t\t\t\t\t\t<\/div>\n\t\t\t\t<\/div>\n\t\t\t\t\t<\/div>\n\t\t<\/div>\n\t\t\t\t<div class=\"elementor-column elementor-col-25 elementor-inner-column elementor-element elementor-element-11929e4\" data-id=\"11929e4\" data-element_type=\"column\" data-e-type=\"column\">\n\t\t\t<div class=\"elementor-widget-wrap elementor-element-populated\">\n\t\t\t\t\t\t<div class=\"elementor-element elementor-element-cd70bb1 elementor-widget elementor-widget-image\" data-id=\"cd70bb1\" data-element_type=\"widget\" data-e-type=\"widget\" data-widget_type=\"image.default\">\n\t\t\t\t<div class=\"elementor-widget-container\">\n\t\t\t\t\t\t\t\t\t\t\t\t\t\t\t\t<a href=\"https:\/\/www.rosesinteriors.com\/es\/tres\/\">\n\t\t\t\t\t\t\t<img decoding=\"async\" width=\"300\" height=\"150\" src=\"https:\/\/www.rosesinteriors.com\/wp-content\/uploads\/2017\/10\/tres-logo.jpg\" class=\"attachment-large size-large wp-image-16703\" alt=\"\" srcset=\"https:\/\/www.rosesinteriors.com\/wp-content\/uploads\/2017\/10\/tres-logo.jpg 300w, https:\/\/www.rosesinteriors.com\/wp-content\/uploads\/2017\/10\/tres-logo-260x130.jpg 260w, https:\/\/www.rosesinteriors.com\/wp-content\/uploads\/2017\/10\/tres-logo-50x25.jpg 50w, https:\/\/www.rosesinteriors.com\/wp-content\/uploads\/2017\/10\/tres-logo-150x75.jpg 150w\" sizes=\"(max-width: 300px) 100vw, 300px\" \/>\t\t\t\t\t\t\t\t<\/a>\n\t\t\t\t\t\t\t\t\t\t\t\t\t\t\t<\/div>\n\t\t\t\t<\/div>\n\t\t\t\t\t<\/div>\n\t\t<\/div>\n\t\t\t\t<div class=\"elementor-column elementor-col-25 elementor-inner-column elementor-element elementor-element-3588209\" data-id=\"3588209\" data-element_type=\"column\" data-e-type=\"column\">\n\t\t\t<div class=\"elementor-widget-wrap elementor-element-populated\">\n\t\t\t\t\t\t<div class=\"elementor-element elementor-element-6389318 elementor-widget elementor-widget-image\" data-id=\"6389318\" data-element_type=\"widget\" data-e-type=\"widget\" data-widget_type=\"image.default\">\n\t\t\t\t<div class=\"elementor-widget-container\">\n\t\t\t\t\t\t\t\t\t\t\t\t\t\t\t\t<a href=\"https:\/\/www.rosesinteriors.com\/es\/fantini\/\">\n\t\t\t\t\t\t\t<img decoding=\"async\" width=\"300\" height=\"150\" src=\"https:\/\/www.rosesinteriors.com\/wp-content\/uploads\/2017\/10\/Fantini-logo.jpg\" class=\"attachment-large size-large wp-image-16685\" alt=\"\" srcset=\"https:\/\/www.rosesinteriors.com\/wp-content\/uploads\/2017\/10\/Fantini-logo.jpg 300w, https:\/\/www.rosesinteriors.com\/wp-content\/uploads\/2017\/10\/Fantini-logo-260x130.jpg 260w, https:\/\/www.rosesinteriors.com\/wp-content\/uploads\/2017\/10\/Fantini-logo-50x25.jpg 50w, https:\/\/www.rosesinteriors.com\/wp-content\/uploads\/2017\/10\/Fantini-logo-150x75.jpg 150w\" sizes=\"(max-width: 300px) 100vw, 300px\" \/>\t\t\t\t\t\t\t\t<\/a>\n\t\t\t\t\t\t\t\t\t\t\t\t\t\t\t<\/div>\n\t\t\t\t<\/div>\n\t\t\t\t\t<\/div>\n\t\t<\/div>\n\t\t\t\t<div class=\"elementor-column elementor-col-25 elementor-inner-column elementor-element elementor-element-9101e7f\" data-id=\"9101e7f\" data-element_type=\"column\" data-e-type=\"column\">\n\t\t\t<div class=\"elementor-widget-wrap elementor-element-populated\">\n\t\t\t\t\t\t<div class=\"elementor-element elementor-element-e948da8 elementor-widget elementor-widget-image\" data-id=\"e948da8\" data-element_type=\"widget\" data-e-type=\"widget\" data-widget_type=\"image.default\">\n\t\t\t\t<div class=\"elementor-widget-container\">\n\t\t\t\t\t\t\t\t\t\t\t\t\t\t\t\t<a href=\"https:\/\/www.rosesinteriors.com\/es\/roca\/\">\n\t\t\t\t\t\t\t<img loading=\"lazy\" decoding=\"async\" width=\"300\" height=\"150\" src=\"https:\/\/www.rosesinteriors.com\/wp-content\/uploads\/2017\/10\/roco-logo.jpg\" class=\"attachment-large size-large wp-image-16696\" alt=\"\" srcset=\"https:\/\/www.rosesinteriors.com\/wp-content\/uploads\/2017\/10\/roco-logo.jpg 300w, https:\/\/www.rosesinteriors.com\/wp-content\/uploads\/2017\/10\/roco-logo-260x130.jpg 260w, https:\/\/www.rosesinteriors.com\/wp-content\/uploads\/2017\/10\/roco-logo-50x25.jpg 50w, https:\/\/www.rosesinteriors.com\/wp-content\/uploads\/2017\/10\/roco-logo-150x75.jpg 150w\" sizes=\"(max-width: 300px) 100vw, 300px\" \/>\t\t\t\t\t\t\t\t<\/a>\n\t\t\t\t\t\t\t\t\t\t\t\t\t\t\t<\/div>\n\t\t\t\t<\/div>\n\t\t\t\t\t<\/div>\n\t\t<\/div>\n\t\t\t\t\t<\/div>\n\t\t<\/section>\n\t\t\t\t\t<\/div>\n\t\t<\/div>\n\t\t\t\t\t<\/div>\n\t\t<\/section>\n\t\t\t\t<\/div>\n\t\t","protected":false},"excerpt":{"rendered":"<p>Sanitarios y grifos Cada peque\u00f1o detalle cuenta Sabemos adaptarnos y lo demostramos con nuestra variada colecci\u00f3n de sanitarios y grifos de las mejores marcas, aquellas centradas en la innovaci\u00f3n y la modernidad, y aquellas que cuidan las formas y estilos m\u00e1s tradicionales. Todo es posible con nosotros.<\/p>\n","protected":false},"author":4,"featured_media":0,"parent":0,"menu_order":0,"comment_status":"open","ping_status":"closed","template":"elementor_header_footer","meta":{"footnotes":""},"class_list":["post-25320","page","type-page","status-publish","hentry"],"yoast_head":"<!-- This site is optimized with the Yoast SEO plugin v27.5 - https:\/\/yoast.com\/product\/yoast-seo-wordpress\/ -->\n<title>Rosas | Estudio de Interiorismo Vilanova y la Geltr\u00fa. Cocinas de Dise\u00f1o<\/title>\n<meta name=\"description\" content=\"Un equipo de profesionales del dise\u00f1o enfocados al mundo de la cocina ya la creaci\u00f3n de mobiliario. Vinculados a las \u00faltimas tendencias en tu cocina.\" \/>\n<meta name=\"robots\" content=\"index, follow, max-snippet:-1, max-image-preview:large, max-video-preview:-1\" \/>\n<link rel=\"canonical\" href=\"https:\/\/www.rosesinteriors.com\/es\/sanitarios-y-grifos\/\" \/>\n<meta property=\"og:locale\" content=\"es_ES\" \/>\n<meta property=\"og:type\" content=\"article\" \/>\n<meta property=\"og:title\" content=\"Rosas | Estudio de Interiorismo Vilanova y la Geltr\u00fa. Cocinas de Dise\u00f1o\" \/>\n<meta property=\"og:description\" content=\"Un equipo de profesionales del dise\u00f1o enfocados al mundo de la cocina ya la creaci\u00f3n de mobiliario. Vinculados a las \u00faltimas tendencias en tu cocina.\" \/>\n<meta property=\"og:url\" content=\"https:\/\/www.rosesinteriors.com\/es\/sanitarios-y-grifos\/\" \/>\n<meta property=\"og:site_name\" content=\"Roses\" \/>\n<meta property=\"article:modified_time\" content=\"2025-01-22T09:39:36+00:00\" \/>\n<meta property=\"og:image\" content=\"https:\/\/www.rosesinteriors.com\/wp-content\/uploads\/2017\/10\/bathco-logo.jpg\" \/>\n\t<meta property=\"og:image:width\" content=\"300\" \/>\n\t<meta property=\"og:image:height\" content=\"150\" \/>\n\t<meta property=\"og:image:type\" content=\"image\/jpeg\" \/>\n<script type=\"application\/ld+json\" class=\"yoast-schema-graph\">{\"@context\":\"https:\\\/\\\/schema.org\",\"@graph\":[{\"@type\":\"WebPage\",\"@id\":\"https:\\\/\\\/www.rosesinteriors.com\\\/es\\\/sanitarios-y-grifos\\\/\",\"url\":\"https:\\\/\\\/www.rosesinteriors.com\\\/es\\\/sanitarios-y-grifos\\\/\",\"name\":\"Rosas | Estudio de Interiorismo Vilanova y la Geltr\u00fa. Cocinas de Dise\u00f1o\",\"isPartOf\":{\"@id\":\"https:\\\/\\\/www.rosesinteriors.com\\\/es\\\/#website\"},\"primaryImageOfPage\":{\"@id\":\"https:\\\/\\\/www.rosesinteriors.com\\\/es\\\/sanitarios-y-grifos\\\/#primaryimage\"},\"image\":{\"@id\":\"https:\\\/\\\/www.rosesinteriors.com\\\/es\\\/sanitarios-y-grifos\\\/#primaryimage\"},\"thumbnailUrl\":\"https:\\\/\\\/www.rosesinteriors.com\\\/wp-content\\\/uploads\\\/2017\\\/10\\\/bathco-logo.jpg\",\"datePublished\":\"2017-11-02T11:23:06+00:00\",\"dateModified\":\"2025-01-22T09:39:36+00:00\",\"description\":\"Un equipo de profesionales del dise\u00f1o enfocados al mundo de la cocina ya la creaci\u00f3n de mobiliario. Vinculados a las \u00faltimas tendencias en tu cocina.\",\"breadcrumb\":{\"@id\":\"https:\\\/\\\/www.rosesinteriors.com\\\/es\\\/sanitarios-y-grifos\\\/#breadcrumb\"},\"inLanguage\":\"es\",\"potentialAction\":[{\"@type\":\"ReadAction\",\"target\":[\"https:\\\/\\\/www.rosesinteriors.com\\\/es\\\/sanitarios-y-grifos\\\/\"]}]},{\"@type\":\"ImageObject\",\"inLanguage\":\"es\",\"@id\":\"https:\\\/\\\/www.rosesinteriors.com\\\/es\\\/sanitarios-y-grifos\\\/#primaryimage\",\"url\":\"https:\\\/\\\/www.rosesinteriors.com\\\/wp-content\\\/uploads\\\/2017\\\/10\\\/bathco-logo.jpg\",\"contentUrl\":\"https:\\\/\\\/www.rosesinteriors.com\\\/wp-content\\\/uploads\\\/2017\\\/10\\\/bathco-logo.jpg\"},{\"@type\":\"BreadcrumbList\",\"@id\":\"https:\\\/\\\/www.rosesinteriors.com\\\/es\\\/sanitarios-y-grifos\\\/#breadcrumb\",\"itemListElement\":[{\"@type\":\"ListItem\",\"position\":1,\"name\":\"Home\",\"item\":\"https:\\\/\\\/www.rosesinteriors.com\\\/es\\\/hombre\\\/\"},{\"@type\":\"ListItem\",\"position\":2,\"name\":\"Sanitarios y grifos\"}]},{\"@type\":\"WebSite\",\"@id\":\"https:\\\/\\\/www.rosesinteriors.com\\\/es\\\/#website\",\"url\":\"https:\\\/\\\/www.rosesinteriors.com\\\/es\\\/\",\"name\":\"Roses\",\"description\":\"Cuines i disseny\",\"potentialAction\":[{\"@type\":\"SearchAction\",\"target\":{\"@type\":\"EntryPoint\",\"urlTemplate\":\"https:\\\/\\\/www.rosesinteriors.com\\\/es\\\/?s={search_term_string}\"},\"query-input\":{\"@type\":\"PropertyValueSpecification\",\"valueRequired\":true,\"valueName\":\"search_term_string\"}}],\"inLanguage\":\"es\"}]}<\/script>\n<!-- \/ Yoast SEO plugin. -->","yoast_head_json":{"title":"Rosas | Estudio de Interiorismo Vilanova y la Geltr\u00fa. Cocinas de Dise\u00f1o","description":"Un equipo de profesionales del dise\u00f1o enfocados al mundo de la cocina ya la creaci\u00f3n de mobiliario. Vinculados a las \u00faltimas tendencias en tu cocina.","robots":{"index":"index","follow":"follow","max-snippet":"max-snippet:-1","max-image-preview":"max-image-preview:large","max-video-preview":"max-video-preview:-1"},"canonical":"https:\/\/www.rosesinteriors.com\/es\/sanitarios-y-grifos\/","og_locale":"es_ES","og_type":"article","og_title":"Rosas | Estudio de Interiorismo Vilanova y la Geltr\u00fa. Cocinas de Dise\u00f1o","og_description":"Un equipo de profesionales del dise\u00f1o enfocados al mundo de la cocina ya la creaci\u00f3n de mobiliario. Vinculados a las \u00faltimas tendencias en tu cocina.","og_url":"https:\/\/www.rosesinteriors.com\/es\/sanitarios-y-grifos\/","og_site_name":"Roses","article_modified_time":"2025-01-22T09:39:36+00:00","og_image":[{"width":300,"height":150,"url":"https:\/\/www.rosesinteriors.com\/wp-content\/uploads\/2017\/10\/bathco-logo.jpg","type":"image\/jpeg"}],"schema":{"@context":"https:\/\/schema.org","@graph":[{"@type":"WebPage","@id":"https:\/\/www.rosesinteriors.com\/es\/sanitarios-y-grifos\/","url":"https:\/\/www.rosesinteriors.com\/es\/sanitarios-y-grifos\/","name":"Rosas | Estudio de Interiorismo Vilanova y la Geltr\u00fa. Cocinas de Dise\u00f1o","isPartOf":{"@id":"https:\/\/www.rosesinteriors.com\/es\/#website"},"primaryImageOfPage":{"@id":"https:\/\/www.rosesinteriors.com\/es\/sanitarios-y-grifos\/#primaryimage"},"image":{"@id":"https:\/\/www.rosesinteriors.com\/es\/sanitarios-y-grifos\/#primaryimage"},"thumbnailUrl":"https:\/\/www.rosesinteriors.com\/wp-content\/uploads\/2017\/10\/bathco-logo.jpg","datePublished":"2017-11-02T11:23:06+00:00","dateModified":"2025-01-22T09:39:36+00:00","description":"Un equipo de profesionales del dise\u00f1o enfocados al mundo de la cocina ya la creaci\u00f3n de mobiliario. Vinculados a las \u00faltimas tendencias en tu cocina.","breadcrumb":{"@id":"https:\/\/www.rosesinteriors.com\/es\/sanitarios-y-grifos\/#breadcrumb"},"inLanguage":"es","potentialAction":[{"@type":"ReadAction","target":["https:\/\/www.rosesinteriors.com\/es\/sanitarios-y-grifos\/"]}]},{"@type":"ImageObject","inLanguage":"es","@id":"https:\/\/www.rosesinteriors.com\/es\/sanitarios-y-grifos\/#primaryimage","url":"https:\/\/www.rosesinteriors.com\/wp-content\/uploads\/2017\/10\/bathco-logo.jpg","contentUrl":"https:\/\/www.rosesinteriors.com\/wp-content\/uploads\/2017\/10\/bathco-logo.jpg"},{"@type":"BreadcrumbList","@id":"https:\/\/www.rosesinteriors.com\/es\/sanitarios-y-grifos\/#breadcrumb","itemListElement":[{"@type":"ListItem","position":1,"name":"Home","item":"https:\/\/www.rosesinteriors.com\/es\/hombre\/"},{"@type":"ListItem","position":2,"name":"Sanitarios y grifos"}]},{"@type":"WebSite","@id":"https:\/\/www.rosesinteriors.com\/es\/#website","url":"https:\/\/www.rosesinteriors.com\/es\/","name":"Roses","description":"Cuines i disseny","potentialAction":[{"@type":"SearchAction","target":{"@type":"EntryPoint","urlTemplate":"https:\/\/www.rosesinteriors.com\/es\/?s={search_term_string}"},"query-input":{"@type":"PropertyValueSpecification","valueRequired":true,"valueName":"search_term_string"}}],"inLanguage":"es"}]}},"_links":{"self":[{"href":"https:\/\/www.rosesinteriors.com\/es\/wp-json\/wp\/v2\/pages\/25320","targetHints":{"allow":["GET"]}}],"collection":[{"href":"https:\/\/www.rosesinteriors.com\/es\/wp-json\/wp\/v2\/pages"}],"about":[{"href":"https:\/\/www.rosesinteriors.com\/es\/wp-json\/wp\/v2\/types\/page"}],"author":[{"embeddable":true,"href":"https:\/\/www.rosesinteriors.com\/es\/wp-json\/wp\/v2\/users\/4"}],"replies":[{"embeddable":true,"href":"https:\/\/www.rosesinteriors.com\/es\/wp-json\/wp\/v2\/comments?post=25320"}],"version-history":[{"count":0,"href":"https:\/\/www.rosesinteriors.com\/es\/wp-json\/wp\/v2\/pages\/25320\/revisions"}],"wp:attachment":[{"href":"https:\/\/www.rosesinteriors.com\/es\/wp-json\/wp\/v2\/media?parent=25320"}],"curies":[{"name":"wp","href":"https:\/\/api.w.org\/{rel}","templated":true}]}}