{"id":25324,"date":"2017-11-02T11:30:10","date_gmt":"2017-11-02T11:30:10","guid":{"rendered":"https:\/\/www.rosesinteriors.com\/hogar\/"},"modified":"2025-01-22T09:39:36","modified_gmt":"2025-01-22T09:39:36","slug":"hogar","status":"publish","type":"page","link":"https:\/\/www.rosesinteriors.com\/es\/hogar\/","title":{"rendered":"Hogar"},"content":{"rendered":"\t\t<div data-elementor-type=\"wp-page\" data-elementor-id=\"25324\" class=\"elementor elementor-25324 elementor-4341\" data-elementor-post-type=\"page\">\n\t\t\t\t\t\t<section class=\"elementor-section elementor-top-section elementor-element elementor-element-4a3bce0 elementor-section-boxed elementor-section-height-default elementor-section-height-default\" data-id=\"4a3bce0\" data-element_type=\"section\" data-e-type=\"section\">\n\t\t\t\t\t\t<div class=\"elementor-container elementor-column-gap-default\">\n\t\t\t\t\t<div class=\"elementor-column elementor-col-100 elementor-top-column elementor-element elementor-element-06064ee\" data-id=\"06064ee\" data-element_type=\"column\" data-e-type=\"column\">\n\t\t\t<div class=\"elementor-widget-wrap elementor-element-populated\">\n\t\t\t\t\t\t<div class=\"elementor-element elementor-element-bd60bf2 elementor--h-position-center elementor--v-position-middle elementor-arrows-position-inside elementor-pagination-position-inside elementor-widget elementor-widget-slides\" data-id=\"bd60bf2\" data-element_type=\"widget\" data-e-type=\"widget\" data-settings=\"{&quot;transition&quot;:&quot;fade&quot;,&quot;navigation&quot;:&quot;both&quot;,&quot;autoplay&quot;:&quot;yes&quot;,&quot;pause_on_hover&quot;:&quot;yes&quot;,&quot;pause_on_interaction&quot;:&quot;yes&quot;,&quot;autoplay_speed&quot;:5000,&quot;infinite&quot;:&quot;yes&quot;,&quot;transition_speed&quot;:500}\" data-widget_type=\"slides.default\">\n\t\t\t\t<div class=\"elementor-widget-container\">\n\t\t\t\t\t\t\t\t\t<div class=\"elementor-swiper\">\n\t\t\t\t\t<div class=\"elementor-slides-wrapper elementor-main-swiper swiper\" role=\"region\" aria-roledescription=\"carousel\" aria-label=\"Diapositivas\" dir=\"ltr\" data-animation=\"fadeInUp\">\n\t\t\t\t<div class=\"swiper-wrapper elementor-slides\">\n\t\t\t\t\t\t\t\t\t\t<div class=\"elementor-repeater-item-bd729a5 swiper-slide\" role=\"group\" aria-roledescription=\"slide\"><div class=\"swiper-slide-bg\" role=\"img\" aria-label=\"llar-4\"><\/div><div class=\"swiper-slide-inner\" ><div class=\"swiper-slide-contents\"><\/div><\/div><\/div><div class=\"elementor-repeater-item-14be569 swiper-slide\" role=\"group\" aria-roledescription=\"slide\"><div class=\"swiper-slide-bg\" role=\"img\" aria-label=\"llar-3\"><\/div><div class=\"swiper-slide-inner\" ><div class=\"swiper-slide-contents\"><\/div><\/div><\/div><div class=\"elementor-repeater-item-1bc1b8c swiper-slide\" role=\"group\" aria-roledescription=\"slide\"><div class=\"swiper-slide-bg\" role=\"img\" aria-label=\"llar-2\"><\/div><div class=\"swiper-slide-inner\" ><div class=\"swiper-slide-contents\"><\/div><\/div><\/div><div class=\"elementor-repeater-item-1e15b16 swiper-slide\" role=\"group\" aria-roledescription=\"slide\"><div class=\"swiper-slide-bg\" role=\"img\" aria-label=\"llar-1\"><\/div><div class=\"swiper-slide-inner\" ><div class=\"swiper-slide-contents\"><\/div><\/div><\/div>\t\t\t\t<\/div>\n\t\t\t\t\t\t\t\t\t\t\t\t\t\t\t<div class=\"elementor-swiper-button elementor-swiper-button-prev\" role=\"button\" tabindex=\"0\" aria-label=\"Diapositiva anterior\">\n\t\t\t\t\t\t\t<i aria-hidden=\"true\" class=\"eicon-chevron-left\"><\/i>\t\t\t\t\t\t<\/div>\n\t\t\t\t\t\t<div class=\"elementor-swiper-button elementor-swiper-button-next\" role=\"button\" tabindex=\"0\" aria-label=\"Diapositiva siguiente\">\n\t\t\t\t\t\t\t<i aria-hidden=\"true\" class=\"eicon-chevron-right\"><\/i>\t\t\t\t\t\t<\/div>\n\t\t\t\t\t\t\t\t\t\t\t\t\t\t\t\t<div class=\"swiper-pagination\"><\/div>\n\t\t\t\t\t\t\t\t\t\t\t\t<\/div>\n\t\t\t\t<\/div>\n\t\t\t\t\t\t\t\t<\/div>\n\t\t\t\t<\/div>\n\t\t\t\t\t<\/div>\n\t\t<\/div>\n\t\t\t\t\t<\/div>\n\t\t<\/section>\n\t\t\t\t<section class=\"elementor-section elementor-top-section elementor-element elementor-element-5b32654 elementor-section-boxed elementor-section-height-default elementor-section-height-default\" data-id=\"5b32654\" data-element_type=\"section\" data-e-type=\"section\">\n\t\t\t\t\t\t<div class=\"elementor-container elementor-column-gap-default\">\n\t\t\t\t\t<div class=\"elementor-column elementor-col-100 elementor-top-column elementor-element elementor-element-db4bb41\" data-id=\"db4bb41\" data-element_type=\"column\" data-e-type=\"column\">\n\t\t\t<div class=\"elementor-widget-wrap elementor-element-populated\">\n\t\t\t\t\t\t<div class=\"elementor-element elementor-element-098c59f elementor-widget elementor-widget-heading\" data-id=\"098c59f\" data-element_type=\"widget\" data-e-type=\"widget\" data-widget_type=\"heading.default\">\n\t\t\t\t<div class=\"elementor-widget-container\">\n\t\t\t\t\t<h2 class=\"elementor-heading-title elementor-size-default\">Tu hogar<\/h2>\t\t\t\t<\/div>\n\t\t\t\t<\/div>\n\t\t\t\t<div class=\"elementor-element elementor-element-0432b49 elementor-widget elementor-widget-heading\" data-id=\"0432b49\" data-element_type=\"widget\" data-e-type=\"widget\" data-widget_type=\"heading.default\">\n\t\t\t\t<div class=\"elementor-widget-container\">\n\t\t\t\t\t<h2 class=\"elementor-heading-title elementor-size-default\">Comedores, salas de estar, dormitorios, y otros rincones pensantes para ti<\/h2>\t\t\t\t<\/div>\n\t\t\t\t<\/div>\n\t\t\t\t<div class=\"elementor-element elementor-element-3c92c53 elementor-widget elementor-widget-text-editor\" data-id=\"3c92c53\" data-element_type=\"widget\" data-e-type=\"widget\" data-widget_type=\"text-editor.default\">\n\t\t\t\t<div class=\"elementor-widget-container\">\n\t\t\t\t\t\t\t\t\t<p>El objetivo es hacer distinguir tu casa con un toque personal e innovador, que combine modernidad con tradici\u00f3n para crear un ambiente c\u00e1lido y acogedor. y hasta chimeneas, o Mesegue, Emede y Presotto. Todas ellas especializadas en muebles de alta gama que se adaptan a cualquier espacio.    <\/p>\n\t\t\t\t\t\t\t\t<\/div>\n\t\t\t\t<\/div>\n\t\t\t\t<section class=\"elementor-section elementor-inner-section elementor-element elementor-element-79b6815 elementor-section-boxed elementor-section-height-default elementor-section-height-default\" data-id=\"79b6815\" data-element_type=\"section\" data-e-type=\"section\">\n\t\t\t\t\t\t<div class=\"elementor-container elementor-column-gap-default\">\n\t\t\t\t\t<div class=\"elementor-column elementor-col-25 elementor-inner-column elementor-element elementor-element-abfb8f1\" data-id=\"abfb8f1\" data-element_type=\"column\" data-e-type=\"column\">\n\t\t\t<div class=\"elementor-widget-wrap elementor-element-populated\">\n\t\t\t\t\t\t<div class=\"elementor-element elementor-element-4101439 elementor-widget elementor-widget-image\" data-id=\"4101439\" data-element_type=\"widget\" data-e-type=\"widget\" data-widget_type=\"image.default\">\n\t\t\t\t<div class=\"elementor-widget-container\">\n\t\t\t\t\t\t\t\t\t\t\t\t\t\t\t\t<a href=\"https:\/\/www.rosesinteriors.com\/es\/santarosa\/\">\n\t\t\t\t\t\t\t<img decoding=\"async\" width=\"300\" height=\"150\" src=\"https:\/\/www.rosesinteriors.com\/wp-content\/uploads\/2017\/10\/santarossa-logo.jpg\" class=\"attachment-large size-large wp-image-16699\" alt=\"\" srcset=\"https:\/\/www.rosesinteriors.com\/wp-content\/uploads\/2017\/10\/santarossa-logo.jpg 300w, https:\/\/www.rosesinteriors.com\/wp-content\/uploads\/2017\/10\/santarossa-logo-260x130.jpg 260w, https:\/\/www.rosesinteriors.com\/wp-content\/uploads\/2017\/10\/santarossa-logo-50x25.jpg 50w, https:\/\/www.rosesinteriors.com\/wp-content\/uploads\/2017\/10\/santarossa-logo-150x75.jpg 150w\" sizes=\"(max-width: 300px) 100vw, 300px\" \/>\t\t\t\t\t\t\t\t<\/a>\n\t\t\t\t\t\t\t\t\t\t\t\t\t\t\t<\/div>\n\t\t\t\t<\/div>\n\t\t\t\t\t<\/div>\n\t\t<\/div>\n\t\t\t\t<div class=\"elementor-column elementor-col-25 elementor-inner-column elementor-element elementor-element-b094121\" data-id=\"b094121\" data-element_type=\"column\" data-e-type=\"column\">\n\t\t\t<div class=\"elementor-widget-wrap elementor-element-populated\">\n\t\t\t\t\t\t<div class=\"elementor-element elementor-element-54a0419 elementor-widget elementor-widget-image\" data-id=\"54a0419\" data-element_type=\"widget\" data-e-type=\"widget\" data-widget_type=\"image.default\">\n\t\t\t\t<div class=\"elementor-widget-container\">\n\t\t\t\t\t\t\t\t\t\t\t\t\t\t\t\t<a href=\"https:\/\/www.rosesinteriors.com\/es\/mesega\/\">\n\t\t\t\t\t\t\t<img decoding=\"async\" width=\"300\" height=\"150\" src=\"https:\/\/www.rosesinteriors.com\/wp-content\/uploads\/2017\/10\/mesegue-logo.jpg\" class=\"attachment-large size-large wp-image-16692\" alt=\"\" srcset=\"https:\/\/www.rosesinteriors.com\/wp-content\/uploads\/2017\/10\/mesegue-logo.jpg 300w, https:\/\/www.rosesinteriors.com\/wp-content\/uploads\/2017\/10\/mesegue-logo-260x130.jpg 260w, https:\/\/www.rosesinteriors.com\/wp-content\/uploads\/2017\/10\/mesegue-logo-50x25.jpg 50w, https:\/\/www.rosesinteriors.com\/wp-content\/uploads\/2017\/10\/mesegue-logo-150x75.jpg 150w\" sizes=\"(max-width: 300px) 100vw, 300px\" \/>\t\t\t\t\t\t\t\t<\/a>\n\t\t\t\t\t\t\t\t\t\t\t\t\t\t\t<\/div>\n\t\t\t\t<\/div>\n\t\t\t\t\t<\/div>\n\t\t<\/div>\n\t\t\t\t<div class=\"elementor-column elementor-col-25 elementor-inner-column elementor-element elementor-element-3ec8eda\" data-id=\"3ec8eda\" data-element_type=\"column\" data-e-type=\"column\">\n\t\t\t<div class=\"elementor-widget-wrap elementor-element-populated\">\n\t\t\t\t\t\t<div class=\"elementor-element elementor-element-e13d4ec elementor-widget elementor-widget-image\" data-id=\"e13d4ec\" data-element_type=\"widget\" data-e-type=\"widget\" data-widget_type=\"image.default\">\n\t\t\t\t<div class=\"elementor-widget-container\">\n\t\t\t\t\t\t\t\t\t\t\t\t\t\t\t\t<a href=\"https:\/\/www.rosesinteriors.com\/emede\/\">\n\t\t\t\t\t\t\t<img decoding=\"async\" width=\"300\" height=\"150\" src=\"https:\/\/www.rosesinteriors.com\/wp-content\/uploads\/2017\/10\/emede-logo.jpg\" class=\"attachment-large size-large wp-image-16684\" alt=\"\" srcset=\"https:\/\/www.rosesinteriors.com\/wp-content\/uploads\/2017\/10\/emede-logo.jpg 300w, https:\/\/www.rosesinteriors.com\/wp-content\/uploads\/2017\/10\/emede-logo-260x130.jpg 260w, https:\/\/www.rosesinteriors.com\/wp-content\/uploads\/2017\/10\/emede-logo-50x25.jpg 50w, https:\/\/www.rosesinteriors.com\/wp-content\/uploads\/2017\/10\/emede-logo-150x75.jpg 150w\" sizes=\"(max-width: 300px) 100vw, 300px\" \/>\t\t\t\t\t\t\t\t<\/a>\n\t\t\t\t\t\t\t\t\t\t\t\t\t\t\t<\/div>\n\t\t\t\t<\/div>\n\t\t\t\t\t<\/div>\n\t\t<\/div>\n\t\t\t\t<div class=\"elementor-column elementor-col-25 elementor-inner-column elementor-element elementor-element-2d7643c\" data-id=\"2d7643c\" data-element_type=\"column\" data-e-type=\"column\">\n\t\t\t<div class=\"elementor-widget-wrap elementor-element-populated\">\n\t\t\t\t\t\t<div class=\"elementor-element elementor-element-f9380fc elementor-widget elementor-widget-image\" data-id=\"f9380fc\" data-element_type=\"widget\" data-e-type=\"widget\" data-widget_type=\"image.default\">\n\t\t\t\t<div class=\"elementor-widget-container\">\n\t\t\t\t\t\t\t\t\t\t\t\t\t\t\t\t<a href=\"https:\/\/www.rosesinteriors.com\/presotto\/\">\n\t\t\t\t\t\t\t<img loading=\"lazy\" decoding=\"async\" width=\"300\" height=\"150\" src=\"https:\/\/www.rosesinteriors.com\/wp-content\/uploads\/2017\/10\/prestto-logo.jpg\" class=\"attachment-large size-large wp-image-16694\" alt=\"\" srcset=\"https:\/\/www.rosesinteriors.com\/wp-content\/uploads\/2017\/10\/prestto-logo.jpg 300w, https:\/\/www.rosesinteriors.com\/wp-content\/uploads\/2017\/10\/prestto-logo-260x130.jpg 260w, https:\/\/www.rosesinteriors.com\/wp-content\/uploads\/2017\/10\/prestto-logo-50x25.jpg 50w, https:\/\/www.rosesinteriors.com\/wp-content\/uploads\/2017\/10\/prestto-logo-150x75.jpg 150w\" sizes=\"(max-width: 300px) 100vw, 300px\" \/>\t\t\t\t\t\t\t\t<\/a>\n\t\t\t\t\t\t\t\t\t\t\t\t\t\t\t<\/div>\n\t\t\t\t<\/div>\n\t\t\t\t\t<\/div>\n\t\t<\/div>\n\t\t\t\t\t<\/div>\n\t\t<\/section>\n\t\t\t\t\t<\/div>\n\t\t<\/div>\n\t\t\t\t\t<\/div>\n\t\t<\/section>\n\t\t\t\t<\/div>\n\t\t","protected":false},"excerpt":{"rendered":"<p>Tu hogar Comedores, salas de estar, dormitorios, y otros rincones pensantes para ti El objetivo es hacer distinguir tu casa con un toque personal e innovador, que combine modernidad con tradici\u00f3n para crear un ambiente c\u00e1lido y acogedor. y hasta chimeneas, o Mesegue, Emede y Presotto. Todas ellas especializadas en muebles de alta gama que [&hellip;]<\/p>\n","protected":false},"author":4,"featured_media":0,"parent":0,"menu_order":0,"comment_status":"open","ping_status":"closed","template":"elementor_header_footer","meta":{"footnotes":""},"class_list":["post-25324","page","type-page","status-publish","hentry"],"yoast_head":"<!-- This site is optimized with the Yoast SEO plugin v27.4 - https:\/\/yoast.com\/product\/yoast-seo-wordpress\/ -->\n<title>Rosas | Estudio de Interiorismo Vilanova y la Geltr\u00fa. Cocinas de Dise\u00f1o<\/title>\n<meta name=\"description\" content=\"Un equipo de profesionales del dise\u00f1o enfocados al mundo de la cocina ya la creaci\u00f3n de mobiliario. Vinculados a las \u00faltimas tendencias en tu cocina.\" \/>\n<meta name=\"robots\" content=\"index, follow, max-snippet:-1, max-image-preview:large, max-video-preview:-1\" \/>\n<link rel=\"canonical\" href=\"https:\/\/www.rosesinteriors.com\/es\/hogar\/\" \/>\n<meta property=\"og:locale\" content=\"es_ES\" \/>\n<meta property=\"og:type\" content=\"article\" \/>\n<meta property=\"og:title\" content=\"Rosas | Estudio de Interiorismo Vilanova y la Geltr\u00fa. Cocinas de Dise\u00f1o\" \/>\n<meta property=\"og:description\" content=\"Un equipo de profesionales del dise\u00f1o enfocados al mundo de la cocina ya la creaci\u00f3n de mobiliario. Vinculados a las \u00faltimas tendencias en tu cocina.\" \/>\n<meta property=\"og:url\" content=\"https:\/\/www.rosesinteriors.com\/es\/hogar\/\" \/>\n<meta property=\"og:site_name\" content=\"Roses\" \/>\n<meta property=\"article:modified_time\" content=\"2025-01-22T09:39:36+00:00\" \/>\n<meta property=\"og:image\" content=\"https:\/\/www.rosesinteriors.com\/wp-content\/uploads\/2017\/10\/santarossa-logo.jpg\" \/>\n\t<meta property=\"og:image:width\" content=\"300\" \/>\n\t<meta property=\"og:image:height\" content=\"150\" \/>\n\t<meta property=\"og:image:type\" content=\"image\/jpeg\" \/>\n<script type=\"application\/ld+json\" class=\"yoast-schema-graph\">{\"@context\":\"https:\\\/\\\/schema.org\",\"@graph\":[{\"@type\":\"WebPage\",\"@id\":\"https:\\\/\\\/www.rosesinteriors.com\\\/es\\\/hogar\\\/\",\"url\":\"https:\\\/\\\/www.rosesinteriors.com\\\/es\\\/hogar\\\/\",\"name\":\"Rosas | Estudio de Interiorismo Vilanova y la Geltr\u00fa. Cocinas de Dise\u00f1o\",\"isPartOf\":{\"@id\":\"https:\\\/\\\/www.rosesinteriors.com\\\/es\\\/#website\"},\"primaryImageOfPage\":{\"@id\":\"https:\\\/\\\/www.rosesinteriors.com\\\/es\\\/hogar\\\/#primaryimage\"},\"image\":{\"@id\":\"https:\\\/\\\/www.rosesinteriors.com\\\/es\\\/hogar\\\/#primaryimage\"},\"thumbnailUrl\":\"https:\\\/\\\/www.rosesinteriors.com\\\/wp-content\\\/uploads\\\/2017\\\/10\\\/santarossa-logo.jpg\",\"datePublished\":\"2017-11-02T11:30:10+00:00\",\"dateModified\":\"2025-01-22T09:39:36+00:00\",\"description\":\"Un equipo de profesionales del dise\u00f1o enfocados al mundo de la cocina ya la creaci\u00f3n de mobiliario. Vinculados a las \u00faltimas tendencias en tu cocina.\",\"breadcrumb\":{\"@id\":\"https:\\\/\\\/www.rosesinteriors.com\\\/es\\\/hogar\\\/#breadcrumb\"},\"inLanguage\":\"es\",\"potentialAction\":[{\"@type\":\"ReadAction\",\"target\":[\"https:\\\/\\\/www.rosesinteriors.com\\\/es\\\/hogar\\\/\"]}]},{\"@type\":\"ImageObject\",\"inLanguage\":\"es\",\"@id\":\"https:\\\/\\\/www.rosesinteriors.com\\\/es\\\/hogar\\\/#primaryimage\",\"url\":\"https:\\\/\\\/www.rosesinteriors.com\\\/wp-content\\\/uploads\\\/2017\\\/10\\\/santarossa-logo.jpg\",\"contentUrl\":\"https:\\\/\\\/www.rosesinteriors.com\\\/wp-content\\\/uploads\\\/2017\\\/10\\\/santarossa-logo.jpg\"},{\"@type\":\"BreadcrumbList\",\"@id\":\"https:\\\/\\\/www.rosesinteriors.com\\\/es\\\/hogar\\\/#breadcrumb\",\"itemListElement\":[{\"@type\":\"ListItem\",\"position\":1,\"name\":\"Home\",\"item\":\"https:\\\/\\\/www.rosesinteriors.com\\\/es\\\/hombre\\\/\"},{\"@type\":\"ListItem\",\"position\":2,\"name\":\"Hogar\"}]},{\"@type\":\"WebSite\",\"@id\":\"https:\\\/\\\/www.rosesinteriors.com\\\/es\\\/#website\",\"url\":\"https:\\\/\\\/www.rosesinteriors.com\\\/es\\\/\",\"name\":\"Roses\",\"description\":\"Cuines i disseny\",\"potentialAction\":[{\"@type\":\"SearchAction\",\"target\":{\"@type\":\"EntryPoint\",\"urlTemplate\":\"https:\\\/\\\/www.rosesinteriors.com\\\/es\\\/?s={search_term_string}\"},\"query-input\":{\"@type\":\"PropertyValueSpecification\",\"valueRequired\":true,\"valueName\":\"search_term_string\"}}],\"inLanguage\":\"es\"}]}<\/script>\n<!-- \/ Yoast SEO plugin. -->","yoast_head_json":{"title":"Rosas | Estudio de Interiorismo Vilanova y la Geltr\u00fa. Cocinas de Dise\u00f1o","description":"Un equipo de profesionales del dise\u00f1o enfocados al mundo de la cocina ya la creaci\u00f3n de mobiliario. Vinculados a las \u00faltimas tendencias en tu cocina.","robots":{"index":"index","follow":"follow","max-snippet":"max-snippet:-1","max-image-preview":"max-image-preview:large","max-video-preview":"max-video-preview:-1"},"canonical":"https:\/\/www.rosesinteriors.com\/es\/hogar\/","og_locale":"es_ES","og_type":"article","og_title":"Rosas | Estudio de Interiorismo Vilanova y la Geltr\u00fa. Cocinas de Dise\u00f1o","og_description":"Un equipo de profesionales del dise\u00f1o enfocados al mundo de la cocina ya la creaci\u00f3n de mobiliario. Vinculados a las \u00faltimas tendencias en tu cocina.","og_url":"https:\/\/www.rosesinteriors.com\/es\/hogar\/","og_site_name":"Roses","article_modified_time":"2025-01-22T09:39:36+00:00","og_image":[{"width":300,"height":150,"url":"https:\/\/www.rosesinteriors.com\/wp-content\/uploads\/2017\/10\/santarossa-logo.jpg","type":"image\/jpeg"}],"schema":{"@context":"https:\/\/schema.org","@graph":[{"@type":"WebPage","@id":"https:\/\/www.rosesinteriors.com\/es\/hogar\/","url":"https:\/\/www.rosesinteriors.com\/es\/hogar\/","name":"Rosas | Estudio de Interiorismo Vilanova y la Geltr\u00fa. Cocinas de Dise\u00f1o","isPartOf":{"@id":"https:\/\/www.rosesinteriors.com\/es\/#website"},"primaryImageOfPage":{"@id":"https:\/\/www.rosesinteriors.com\/es\/hogar\/#primaryimage"},"image":{"@id":"https:\/\/www.rosesinteriors.com\/es\/hogar\/#primaryimage"},"thumbnailUrl":"https:\/\/www.rosesinteriors.com\/wp-content\/uploads\/2017\/10\/santarossa-logo.jpg","datePublished":"2017-11-02T11:30:10+00:00","dateModified":"2025-01-22T09:39:36+00:00","description":"Un equipo de profesionales del dise\u00f1o enfocados al mundo de la cocina ya la creaci\u00f3n de mobiliario. Vinculados a las \u00faltimas tendencias en tu cocina.","breadcrumb":{"@id":"https:\/\/www.rosesinteriors.com\/es\/hogar\/#breadcrumb"},"inLanguage":"es","potentialAction":[{"@type":"ReadAction","target":["https:\/\/www.rosesinteriors.com\/es\/hogar\/"]}]},{"@type":"ImageObject","inLanguage":"es","@id":"https:\/\/www.rosesinteriors.com\/es\/hogar\/#primaryimage","url":"https:\/\/www.rosesinteriors.com\/wp-content\/uploads\/2017\/10\/santarossa-logo.jpg","contentUrl":"https:\/\/www.rosesinteriors.com\/wp-content\/uploads\/2017\/10\/santarossa-logo.jpg"},{"@type":"BreadcrumbList","@id":"https:\/\/www.rosesinteriors.com\/es\/hogar\/#breadcrumb","itemListElement":[{"@type":"ListItem","position":1,"name":"Home","item":"https:\/\/www.rosesinteriors.com\/es\/hombre\/"},{"@type":"ListItem","position":2,"name":"Hogar"}]},{"@type":"WebSite","@id":"https:\/\/www.rosesinteriors.com\/es\/#website","url":"https:\/\/www.rosesinteriors.com\/es\/","name":"Roses","description":"Cuines i disseny","potentialAction":[{"@type":"SearchAction","target":{"@type":"EntryPoint","urlTemplate":"https:\/\/www.rosesinteriors.com\/es\/?s={search_term_string}"},"query-input":{"@type":"PropertyValueSpecification","valueRequired":true,"valueName":"search_term_string"}}],"inLanguage":"es"}]}},"_links":{"self":[{"href":"https:\/\/www.rosesinteriors.com\/es\/wp-json\/wp\/v2\/pages\/25324","targetHints":{"allow":["GET"]}}],"collection":[{"href":"https:\/\/www.rosesinteriors.com\/es\/wp-json\/wp\/v2\/pages"}],"about":[{"href":"https:\/\/www.rosesinteriors.com\/es\/wp-json\/wp\/v2\/types\/page"}],"author":[{"embeddable":true,"href":"https:\/\/www.rosesinteriors.com\/es\/wp-json\/wp\/v2\/users\/4"}],"replies":[{"embeddable":true,"href":"https:\/\/www.rosesinteriors.com\/es\/wp-json\/wp\/v2\/comments?post=25324"}],"version-history":[{"count":0,"href":"https:\/\/www.rosesinteriors.com\/es\/wp-json\/wp\/v2\/pages\/25324\/revisions"}],"wp:attachment":[{"href":"https:\/\/www.rosesinteriors.com\/es\/wp-json\/wp\/v2\/media?parent=25324"}],"curies":[{"name":"wp","href":"https:\/\/api.w.org\/{rel}","templated":true}]}}