{"id":25327,"date":"2017-11-02T10:24:15","date_gmt":"2017-11-02T10:24:15","guid":{"rendered":"https:\/\/www.rosesinteriors.com\/cocinas\/"},"modified":"2025-01-22T09:49:59","modified_gmt":"2025-01-22T09:49:59","slug":"cocinas","status":"publish","type":"page","link":"https:\/\/www.rosesinteriors.com\/es\/cocinas\/","title":{"rendered":"Cocinas"},"content":{"rendered":"\t\t<div data-elementor-type=\"wp-page\" data-elementor-id=\"25327\" class=\"elementor elementor-25327 elementor-4325\" data-elementor-post-type=\"page\">\n\t\t\t\t\t\t<section class=\"elementor-section elementor-top-section elementor-element elementor-element-6dd6b24 elementor-section-boxed elementor-section-height-default elementor-section-height-default\" data-id=\"6dd6b24\" data-element_type=\"section\" data-e-type=\"section\">\n\t\t\t\t\t\t<div class=\"elementor-container elementor-column-gap-default\">\n\t\t\t\t\t<div class=\"elementor-column elementor-col-100 elementor-top-column elementor-element elementor-element-b9db657\" data-id=\"b9db657\" data-element_type=\"column\" data-e-type=\"column\">\n\t\t\t<div class=\"elementor-widget-wrap elementor-element-populated\">\n\t\t\t\t\t\t<div class=\"elementor-element elementor-element-378c2f9 elementor--h-position-center elementor--v-position-middle elementor-arrows-position-inside elementor-pagination-position-inside elementor-widget elementor-widget-slides\" data-id=\"378c2f9\" data-element_type=\"widget\" data-e-type=\"widget\" data-settings=\"{&quot;transition&quot;:&quot;fade&quot;,&quot;navigation&quot;:&quot;both&quot;,&quot;autoplay&quot;:&quot;yes&quot;,&quot;pause_on_hover&quot;:&quot;yes&quot;,&quot;pause_on_interaction&quot;:&quot;yes&quot;,&quot;autoplay_speed&quot;:5000,&quot;infinite&quot;:&quot;yes&quot;,&quot;transition_speed&quot;:500}\" data-widget_type=\"slides.default\">\n\t\t\t\t<div class=\"elementor-widget-container\">\n\t\t\t\t\t\t\t\t\t<div class=\"elementor-swiper\">\n\t\t\t\t\t<div class=\"elementor-slides-wrapper elementor-main-swiper swiper\" role=\"region\" aria-roledescription=\"carousel\" aria-label=\"Diapositives\" dir=\"ltr\" data-animation=\"fadeInUp\">\n\t\t\t\t<div class=\"swiper-wrapper elementor-slides\">\n\t\t\t\t\t\t\t\t\t\t<div class=\"elementor-repeater-item-a4c6174 swiper-slide\" role=\"group\" aria-roledescription=\"slide\"><div class=\"swiper-slide-bg\" role=\"img\" aria-label=\"01 PUBB.G&amp;D 1358\"><\/div><div class=\"swiper-slide-inner\" ><div class=\"swiper-slide-contents\"><\/div><\/div><\/div><div class=\"elementor-repeater-item-570e04f swiper-slide\" role=\"group\" aria-roledescription=\"slide\"><div class=\"swiper-slide-bg\" role=\"img\" aria-label=\"Camomilla_03-BIS\"><\/div><div class=\"swiper-slide-inner\" ><div class=\"swiper-slide-contents\"><\/div><\/div><\/div><div class=\"elementor-repeater-item-066ee22 swiper-slide\" role=\"group\" aria-roledescription=\"slide\"><div class=\"swiper-slide-bg\" role=\"img\" aria-label=\"Photo3_  067\"><\/div><div class=\"swiper-slide-inner\" ><div class=\"swiper-slide-contents\"><\/div><\/div><\/div><div class=\"elementor-repeater-item-099a6ae swiper-slide\" role=\"group\" aria-roledescription=\"slide\"><div class=\"swiper-slide-bg\" role=\"img\" aria-label=\"Rossa_09\"><\/div><div class=\"swiper-slide-inner\" ><div class=\"swiper-slide-contents\"><\/div><\/div><\/div><div class=\"elementor-repeater-item-3d141e9 swiper-slide\" role=\"group\" aria-roledescription=\"slide\"><div class=\"swiper-slide-bg\" role=\"img\" aria-label=\"28418_COC01_1178_S5000_09\"><\/div><div class=\"swiper-slide-inner\" ><div class=\"swiper-slide-contents\"><\/div><\/div><\/div><div class=\"elementor-repeater-item-a6aa4be swiper-slide\" role=\"group\" aria-roledescription=\"slide\"><div class=\"swiper-slide-bg\" role=\"img\" aria-label=\"28416_coc02_1178_blanco-polar_blanco-lunar_roble-natural_v2\"><\/div><div class=\"swiper-slide-inner\" ><div class=\"swiper-slide-contents\"><\/div><\/div><\/div><div class=\"elementor-repeater-item-ec32735 swiper-slide\" role=\"group\" aria-roledescription=\"slide\"><div class=\"swiper-slide-bg\" role=\"img\" aria-label=\"28131_coc08_1178_Fenix-Leno_nat_Cam01\"><\/div><div class=\"swiper-slide-inner\" ><div class=\"swiper-slide-contents\"><\/div><\/div><\/div><div class=\"elementor-repeater-item-65672de swiper-slide\" role=\"group\" aria-roledescription=\"slide\"><div class=\"swiper-slide-bg\" role=\"img\" aria-label=\"001_COS09_C22_AUX01\"><\/div><div class=\"swiper-slide-inner\" ><div class=\"swiper-slide-contents\"><\/div><\/div><\/div>\t\t\t\t<\/div>\n\t\t\t\t\t\t\t\t\t\t\t\t\t\t\t<div class=\"elementor-swiper-button elementor-swiper-button-prev\" role=\"button\" tabindex=\"0\" aria-label=\"Diapositiva anterior\">\n\t\t\t\t\t\t\t<i aria-hidden=\"true\" class=\"eicon-chevron-left\"><\/i>\t\t\t\t\t\t<\/div>\n\t\t\t\t\t\t<div class=\"elementor-swiper-button elementor-swiper-button-next\" role=\"button\" tabindex=\"0\" aria-label=\"Diapositiva siguiente\">\n\t\t\t\t\t\t\t<i aria-hidden=\"true\" class=\"eicon-chevron-right\"><\/i>\t\t\t\t\t\t<\/div>\n\t\t\t\t\t\t\t\t\t\t\t\t\t\t\t\t<div class=\"swiper-pagination\"><\/div>\n\t\t\t\t\t\t\t\t\t\t\t\t<\/div>\n\t\t\t\t<\/div>\n\t\t\t\t\t\t\t\t<\/div>\n\t\t\t\t<\/div>\n\t\t\t\t<div class=\"elementor-element elementor-element-0877db9 elementor-widget elementor-widget-heading\" data-id=\"0877db9\" data-element_type=\"widget\" data-e-type=\"widget\" data-widget_type=\"heading.default\">\n\t\t\t\t<div class=\"elementor-widget-container\">\n\t\t\t\t\t<h2 class=\"elementor-heading-title elementor-size-default\">cocinas<\/h2>\t\t\t\t<\/div>\n\t\t\t\t<\/div>\n\t\t\t\t<div class=\"elementor-element elementor-element-14b7da5 elementor-widget elementor-widget-heading\" data-id=\"14b7da5\" data-element_type=\"widget\" data-e-type=\"widget\" data-widget_type=\"heading.default\">\n\t\t\t\t<div class=\"elementor-widget-container\">\n\t\t\t\t\t<h2 class=\"elementor-heading-title elementor-size-default\">Funcionalidad, dise\u00f1o y elegancia<\/h2>\t\t\t\t<\/div>\n\t\t\t\t<\/div>\n\t\t\t\t<div class=\"elementor-element elementor-element-3fab3fc elementor-widget elementor-widget-text-editor\" data-id=\"3fab3fc\" data-element_type=\"widget\" data-e-type=\"widget\" data-widget_type=\"text-editor.default\">\n\t\t\t\t<div class=\"elementor-widget-container\">\n\t\t\t\t\t\t\t\t\t<p>En Ros\u00e9s entendemos la cocina como un espacio de reuni\u00f3n y trabajo, donde el tiempo es oro y el orden es un imperativo. Por eso trabajamos con las mejores marcas, aquellas que ofrecen dise\u00f1os, exclusivos, innovadores y optimizados, para que sientas siempre que t\u00fa tienes el control del espacio. Descubre nuevos modelos y mira lo que pueden hacer para ti.    <\/p>\n\t\t\t\t\t\t\t\t<\/div>\n\t\t\t\t<\/div>\n\t\t\t\t<section class=\"elementor-section elementor-inner-section elementor-element elementor-element-af87b34 elementor-section-boxed elementor-section-height-default elementor-section-height-default\" data-id=\"af87b34\" data-element_type=\"section\" data-e-type=\"section\">\n\t\t\t\t\t\t<div class=\"elementor-container elementor-column-gap-default\">\n\t\t\t\t\t<div class=\"elementor-column elementor-col-33 elementor-inner-column elementor-element elementor-element-04433fa\" data-id=\"04433fa\" data-element_type=\"column\" data-e-type=\"column\">\n\t\t\t<div class=\"elementor-widget-wrap elementor-element-populated\">\n\t\t\t\t\t\t<div class=\"elementor-element elementor-element-229d1cd elementor-widget elementor-widget-image\" data-id=\"229d1cd\" data-element_type=\"widget\" data-e-type=\"widget\" data-widget_type=\"image.default\">\n\t\t\t\t<div class=\"elementor-widget-container\">\n\t\t\t\t\t\t\t\t\t\t\t\t\t\t\t\t<a href=\"https:\/\/www.rosesinteriors.com\/armony-cucine\/\">\n\t\t\t\t\t\t\t<img decoding=\"async\" width=\"300\" height=\"150\" src=\"https:\/\/www.rosesinteriors.com\/wp-content\/uploads\/2023\/04\/549174armony-logo.jpg\" class=\"attachment-large size-large wp-image-17233\" alt=\"\" srcset=\"https:\/\/www.rosesinteriors.com\/wp-content\/uploads\/2023\/04\/549174armony-logo.jpg 300w, https:\/\/www.rosesinteriors.com\/wp-content\/uploads\/2023\/04\/549174armony-logo-260x130.jpg 260w, https:\/\/www.rosesinteriors.com\/wp-content\/uploads\/2023\/04\/549174armony-logo-50x25.jpg 50w, https:\/\/www.rosesinteriors.com\/wp-content\/uploads\/2023\/04\/549174armony-logo-150x75.jpg 150w\" sizes=\"(max-width: 300px) 100vw, 300px\" \/>\t\t\t\t\t\t\t\t<\/a>\n\t\t\t\t\t\t\t\t\t\t\t\t\t\t\t<\/div>\n\t\t\t\t<\/div>\n\t\t\t\t\t<\/div>\n\t\t<\/div>\n\t\t\t\t<div class=\"elementor-column elementor-col-33 elementor-inner-column elementor-element elementor-element-24aeacb\" data-id=\"24aeacb\" data-element_type=\"column\" data-e-type=\"column\">\n\t\t\t<div class=\"elementor-widget-wrap elementor-element-populated\">\n\t\t\t\t\t\t<div class=\"elementor-element elementor-element-9efbfc6 elementor-widget elementor-widget-image\" data-id=\"9efbfc6\" data-element_type=\"widget\" data-e-type=\"widget\" data-widget_type=\"image.default\">\n\t\t\t\t<div class=\"elementor-widget-container\">\n\t\t\t\t\t\t\t\t\t\t\t\t\t\t\t\t<a href=\"https:\/\/www.rosesinteriors.com\/gd-cucine\/\">\n\t\t\t\t\t\t\t<img decoding=\"async\" width=\"300\" height=\"150\" src=\"https:\/\/www.rosesinteriors.com\/wp-content\/uploads\/2017\/10\/gdarredamenti-logo.jpg\" class=\"attachment-large size-large wp-image-16686\" alt=\"\" srcset=\"https:\/\/www.rosesinteriors.com\/wp-content\/uploads\/2017\/10\/gdarredamenti-logo.jpg 300w, https:\/\/www.rosesinteriors.com\/wp-content\/uploads\/2017\/10\/gdarredamenti-logo-260x130.jpg 260w, https:\/\/www.rosesinteriors.com\/wp-content\/uploads\/2017\/10\/gdarredamenti-logo-50x25.jpg 50w, https:\/\/www.rosesinteriors.com\/wp-content\/uploads\/2017\/10\/gdarredamenti-logo-150x75.jpg 150w\" sizes=\"(max-width: 300px) 100vw, 300px\" \/>\t\t\t\t\t\t\t\t<\/a>\n\t\t\t\t\t\t\t\t\t\t\t\t\t\t\t<\/div>\n\t\t\t\t<\/div>\n\t\t\t\t\t<\/div>\n\t\t<\/div>\n\t\t\t\t<div class=\"elementor-column elementor-col-33 elementor-inner-column elementor-element elementor-element-8b8e744\" data-id=\"8b8e744\" data-element_type=\"column\" data-e-type=\"column\">\n\t\t\t<div class=\"elementor-widget-wrap elementor-element-populated\">\n\t\t\t\t\t\t<div class=\"elementor-element elementor-element-f351ff9 elementor-widget elementor-widget-image\" data-id=\"f351ff9\" data-element_type=\"widget\" data-e-type=\"widget\" data-widget_type=\"image.default\">\n\t\t\t\t<div class=\"elementor-widget-container\">\n\t\t\t\t\t\t\t\t\t\t\t\t\t\t\t\t<a href=\"https:\/\/www.rosesinteriors.com\/2akuchen\/\">\n\t\t\t\t\t\t\t<img decoding=\"async\" width=\"225\" height=\"60\" src=\"https:\/\/www.rosesinteriors.com\/wp-content\/uploads\/2024\/03\/logo-2akuchen.png\" class=\"attachment-large size-large wp-image-20147\" alt=\"\" \/>\t\t\t\t\t\t\t\t<\/a>\n\t\t\t\t\t\t\t\t\t\t\t\t\t\t\t<\/div>\n\t\t\t\t<\/div>\n\t\t\t\t\t<\/div>\n\t\t<\/div>\n\t\t\t\t\t<\/div>\n\t\t<\/section>\n\t\t\t\t\t<\/div>\n\t\t<\/div>\n\t\t\t\t\t<\/div>\n\t\t<\/section>\n\t\t\t\t<\/div>\n\t\t","protected":false},"excerpt":{"rendered":"<p>cocinas Funcionalidad, dise\u00f1o y elegancia En Ros\u00e9s entendemos la cocina como un espacio de reuni\u00f3n y trabajo, donde el tiempo es oro y el orden es un imperativo. Por eso trabajamos con las mejores marcas, aquellas que ofrecen dise\u00f1os, exclusivos, innovadores y optimizados, para que sientas siempre que t\u00fa tienes el control del espacio. Descubre [&hellip;]<\/p>\n","protected":false},"author":4,"featured_media":0,"parent":0,"menu_order":0,"comment_status":"open","ping_status":"closed","template":"elementor_header_footer","meta":{"footnotes":""},"class_list":["post-25327","page","type-page","status-publish","hentry"],"yoast_head":"<!-- This site is optimized with the Yoast SEO plugin v27.4 - https:\/\/yoast.com\/product\/yoast-seo-wordpress\/ -->\n<title>Rosas | Estudio de Interiorismo Vilanova y la Geltr\u00fa. Cocinas de Dise\u00f1o<\/title>\n<meta name=\"description\" content=\"Un equipo de profesionales del dise\u00f1o enfocados al mundo de la cocina ya la creaci\u00f3n de mobiliario. Vinculados a las \u00faltimas tendencias en tu cocina.\" \/>\n<meta name=\"robots\" content=\"index, follow, max-snippet:-1, max-image-preview:large, max-video-preview:-1\" \/>\n<link rel=\"canonical\" href=\"https:\/\/www.rosesinteriors.com\/es\/cocinas\/\" \/>\n<meta property=\"og:locale\" content=\"es_ES\" \/>\n<meta property=\"og:type\" content=\"article\" \/>\n<meta property=\"og:title\" content=\"Rosas | Estudio de Interiorismo Vilanova y la Geltr\u00fa. Cocinas de Dise\u00f1o\" \/>\n<meta property=\"og:description\" content=\"Un equipo de profesionales del dise\u00f1o enfocados al mundo de la cocina ya la creaci\u00f3n de mobiliario. Vinculados a las \u00faltimas tendencias en tu cocina.\" \/>\n<meta property=\"og:url\" content=\"https:\/\/www.rosesinteriors.com\/es\/cocinas\/\" \/>\n<meta property=\"og:site_name\" content=\"Roses\" \/>\n<meta property=\"article:modified_time\" content=\"2025-01-22T09:49:59+00:00\" \/>\n<meta property=\"og:image\" content=\"https:\/\/www.rosesinteriors.com\/wp-content\/uploads\/2023\/04\/549174armony-logo.jpg\" \/>\n\t<meta property=\"og:image:width\" content=\"300\" \/>\n\t<meta property=\"og:image:height\" content=\"150\" \/>\n\t<meta property=\"og:image:type\" content=\"image\/jpeg\" \/>\n<script type=\"application\/ld+json\" class=\"yoast-schema-graph\">{\"@context\":\"https:\\\/\\\/schema.org\",\"@graph\":[{\"@type\":\"WebPage\",\"@id\":\"https:\\\/\\\/www.rosesinteriors.com\\\/es\\\/cocinas\\\/\",\"url\":\"https:\\\/\\\/www.rosesinteriors.com\\\/es\\\/cocinas\\\/\",\"name\":\"Rosas | Estudio de Interiorismo Vilanova y la Geltr\u00fa. Cocinas de Dise\u00f1o\",\"isPartOf\":{\"@id\":\"https:\\\/\\\/www.rosesinteriors.com\\\/es\\\/#website\"},\"primaryImageOfPage\":{\"@id\":\"https:\\\/\\\/www.rosesinteriors.com\\\/es\\\/cocinas\\\/#primaryimage\"},\"image\":{\"@id\":\"https:\\\/\\\/www.rosesinteriors.com\\\/es\\\/cocinas\\\/#primaryimage\"},\"thumbnailUrl\":\"https:\\\/\\\/www.rosesinteriors.com\\\/wp-content\\\/uploads\\\/2023\\\/04\\\/549174armony-logo.jpg\",\"datePublished\":\"2017-11-02T10:24:15+00:00\",\"dateModified\":\"2025-01-22T09:49:59+00:00\",\"description\":\"Un equipo de profesionales del dise\u00f1o enfocados al mundo de la cocina ya la creaci\u00f3n de mobiliario. Vinculados a las \u00faltimas tendencias en tu cocina.\",\"breadcrumb\":{\"@id\":\"https:\\\/\\\/www.rosesinteriors.com\\\/es\\\/cocinas\\\/#breadcrumb\"},\"inLanguage\":\"es\",\"potentialAction\":[{\"@type\":\"ReadAction\",\"target\":[\"https:\\\/\\\/www.rosesinteriors.com\\\/es\\\/cocinas\\\/\"]}]},{\"@type\":\"ImageObject\",\"inLanguage\":\"es\",\"@id\":\"https:\\\/\\\/www.rosesinteriors.com\\\/es\\\/cocinas\\\/#primaryimage\",\"url\":\"https:\\\/\\\/www.rosesinteriors.com\\\/wp-content\\\/uploads\\\/2023\\\/04\\\/549174armony-logo.jpg\",\"contentUrl\":\"https:\\\/\\\/www.rosesinteriors.com\\\/wp-content\\\/uploads\\\/2023\\\/04\\\/549174armony-logo.jpg\"},{\"@type\":\"BreadcrumbList\",\"@id\":\"https:\\\/\\\/www.rosesinteriors.com\\\/es\\\/cocinas\\\/#breadcrumb\",\"itemListElement\":[{\"@type\":\"ListItem\",\"position\":1,\"name\":\"Home\",\"item\":\"https:\\\/\\\/www.rosesinteriors.com\\\/es\\\/hombre\\\/\"},{\"@type\":\"ListItem\",\"position\":2,\"name\":\"Cocinas\"}]},{\"@type\":\"WebSite\",\"@id\":\"https:\\\/\\\/www.rosesinteriors.com\\\/es\\\/#website\",\"url\":\"https:\\\/\\\/www.rosesinteriors.com\\\/es\\\/\",\"name\":\"Roses\",\"description\":\"Cuines i disseny\",\"potentialAction\":[{\"@type\":\"SearchAction\",\"target\":{\"@type\":\"EntryPoint\",\"urlTemplate\":\"https:\\\/\\\/www.rosesinteriors.com\\\/es\\\/?s={search_term_string}\"},\"query-input\":{\"@type\":\"PropertyValueSpecification\",\"valueRequired\":true,\"valueName\":\"search_term_string\"}}],\"inLanguage\":\"es\"}]}<\/script>\n<!-- \/ Yoast SEO plugin. -->","yoast_head_json":{"title":"Rosas | Estudio de Interiorismo Vilanova y la Geltr\u00fa. Cocinas de Dise\u00f1o","description":"Un equipo de profesionales del dise\u00f1o enfocados al mundo de la cocina ya la creaci\u00f3n de mobiliario. Vinculados a las \u00faltimas tendencias en tu cocina.","robots":{"index":"index","follow":"follow","max-snippet":"max-snippet:-1","max-image-preview":"max-image-preview:large","max-video-preview":"max-video-preview:-1"},"canonical":"https:\/\/www.rosesinteriors.com\/es\/cocinas\/","og_locale":"es_ES","og_type":"article","og_title":"Rosas | Estudio de Interiorismo Vilanova y la Geltr\u00fa. Cocinas de Dise\u00f1o","og_description":"Un equipo de profesionales del dise\u00f1o enfocados al mundo de la cocina ya la creaci\u00f3n de mobiliario. Vinculados a las \u00faltimas tendencias en tu cocina.","og_url":"https:\/\/www.rosesinteriors.com\/es\/cocinas\/","og_site_name":"Roses","article_modified_time":"2025-01-22T09:49:59+00:00","og_image":[{"width":300,"height":150,"url":"https:\/\/www.rosesinteriors.com\/wp-content\/uploads\/2023\/04\/549174armony-logo.jpg","type":"image\/jpeg"}],"schema":{"@context":"https:\/\/schema.org","@graph":[{"@type":"WebPage","@id":"https:\/\/www.rosesinteriors.com\/es\/cocinas\/","url":"https:\/\/www.rosesinteriors.com\/es\/cocinas\/","name":"Rosas | Estudio de Interiorismo Vilanova y la Geltr\u00fa. Cocinas de Dise\u00f1o","isPartOf":{"@id":"https:\/\/www.rosesinteriors.com\/es\/#website"},"primaryImageOfPage":{"@id":"https:\/\/www.rosesinteriors.com\/es\/cocinas\/#primaryimage"},"image":{"@id":"https:\/\/www.rosesinteriors.com\/es\/cocinas\/#primaryimage"},"thumbnailUrl":"https:\/\/www.rosesinteriors.com\/wp-content\/uploads\/2023\/04\/549174armony-logo.jpg","datePublished":"2017-11-02T10:24:15+00:00","dateModified":"2025-01-22T09:49:59+00:00","description":"Un equipo de profesionales del dise\u00f1o enfocados al mundo de la cocina ya la creaci\u00f3n de mobiliario. Vinculados a las \u00faltimas tendencias en tu cocina.","breadcrumb":{"@id":"https:\/\/www.rosesinteriors.com\/es\/cocinas\/#breadcrumb"},"inLanguage":"es","potentialAction":[{"@type":"ReadAction","target":["https:\/\/www.rosesinteriors.com\/es\/cocinas\/"]}]},{"@type":"ImageObject","inLanguage":"es","@id":"https:\/\/www.rosesinteriors.com\/es\/cocinas\/#primaryimage","url":"https:\/\/www.rosesinteriors.com\/wp-content\/uploads\/2023\/04\/549174armony-logo.jpg","contentUrl":"https:\/\/www.rosesinteriors.com\/wp-content\/uploads\/2023\/04\/549174armony-logo.jpg"},{"@type":"BreadcrumbList","@id":"https:\/\/www.rosesinteriors.com\/es\/cocinas\/#breadcrumb","itemListElement":[{"@type":"ListItem","position":1,"name":"Home","item":"https:\/\/www.rosesinteriors.com\/es\/hombre\/"},{"@type":"ListItem","position":2,"name":"Cocinas"}]},{"@type":"WebSite","@id":"https:\/\/www.rosesinteriors.com\/es\/#website","url":"https:\/\/www.rosesinteriors.com\/es\/","name":"Roses","description":"Cuines i disseny","potentialAction":[{"@type":"SearchAction","target":{"@type":"EntryPoint","urlTemplate":"https:\/\/www.rosesinteriors.com\/es\/?s={search_term_string}"},"query-input":{"@type":"PropertyValueSpecification","valueRequired":true,"valueName":"search_term_string"}}],"inLanguage":"es"}]}},"_links":{"self":[{"href":"https:\/\/www.rosesinteriors.com\/es\/wp-json\/wp\/v2\/pages\/25327","targetHints":{"allow":["GET"]}}],"collection":[{"href":"https:\/\/www.rosesinteriors.com\/es\/wp-json\/wp\/v2\/pages"}],"about":[{"href":"https:\/\/www.rosesinteriors.com\/es\/wp-json\/wp\/v2\/types\/page"}],"author":[{"embeddable":true,"href":"https:\/\/www.rosesinteriors.com\/es\/wp-json\/wp\/v2\/users\/4"}],"replies":[{"embeddable":true,"href":"https:\/\/www.rosesinteriors.com\/es\/wp-json\/wp\/v2\/comments?post=25327"}],"version-history":[{"count":0,"href":"https:\/\/www.rosesinteriors.com\/es\/wp-json\/wp\/v2\/pages\/25327\/revisions"}],"wp:attachment":[{"href":"https:\/\/www.rosesinteriors.com\/es\/wp-json\/wp\/v2\/media?parent=25327"}],"curies":[{"name":"wp","href":"https:\/\/api.w.org\/{rel}","templated":true}]}}