{"id":25329,"date":"2017-11-02T11:45:11","date_gmt":"2017-11-02T11:45:11","guid":{"rendered":"https:\/\/www.rosesinteriors.com\/muebles-auxiliares\/"},"modified":"2025-01-22T09:39:36","modified_gmt":"2025-01-22T09:39:36","slug":"muebles-auxiliares","status":"publish","type":"page","link":"https:\/\/www.rosesinteriors.com\/es\/muebles-auxiliares\/","title":{"rendered":"Muebles auxiliares"},"content":{"rendered":"\t\t<div data-elementor-type=\"wp-page\" data-elementor-id=\"25329\" class=\"elementor elementor-25329 elementor-4345\" data-elementor-post-type=\"page\">\n\t\t\t\t\t\t<section class=\"elementor-section elementor-top-section elementor-element elementor-element-7209ab9 elementor-section-boxed elementor-section-height-default elementor-section-height-default\" data-id=\"7209ab9\" data-element_type=\"section\" data-e-type=\"section\">\n\t\t\t\t\t\t<div class=\"elementor-container elementor-column-gap-default\">\n\t\t\t\t\t<div class=\"elementor-column elementor-col-100 elementor-top-column elementor-element elementor-element-a9a9ad9\" data-id=\"a9a9ad9\" data-element_type=\"column\" data-e-type=\"column\">\n\t\t\t<div class=\"elementor-widget-wrap elementor-element-populated\">\n\t\t\t\t\t\t<div class=\"elementor-element elementor-element-79cc5e7 elementor--h-position-center elementor--v-position-middle elementor-arrows-position-inside elementor-pagination-position-inside elementor-widget elementor-widget-slides\" data-id=\"79cc5e7\" data-element_type=\"widget\" data-e-type=\"widget\" data-settings=\"{&quot;transition&quot;:&quot;fade&quot;,&quot;navigation&quot;:&quot;both&quot;,&quot;autoplay&quot;:&quot;yes&quot;,&quot;pause_on_hover&quot;:&quot;yes&quot;,&quot;pause_on_interaction&quot;:&quot;yes&quot;,&quot;autoplay_speed&quot;:5000,&quot;infinite&quot;:&quot;yes&quot;,&quot;transition_speed&quot;:500}\" data-widget_type=\"slides.default\">\n\t\t\t\t<div class=\"elementor-widget-container\">\n\t\t\t\t\t\t\t\t\t<div class=\"elementor-swiper\">\n\t\t\t\t\t<div class=\"elementor-slides-wrapper elementor-main-swiper swiper\" role=\"region\" aria-roledescription=\"carousel\" aria-label=\"Diapositivas\" dir=\"ltr\" data-animation=\"fadeInUp\">\n\t\t\t\t<div class=\"swiper-wrapper elementor-slides\">\n\t\t\t\t\t\t\t\t\t\t<div class=\"elementor-repeater-item-375eec1 swiper-slide\" role=\"group\" aria-roledescription=\"slide\"><div class=\"swiper-slide-bg\" role=\"img\" aria-label=\"llar-6\"><\/div><div class=\"swiper-slide-inner\" ><div class=\"swiper-slide-contents\"><\/div><\/div><\/div><div class=\"elementor-repeater-item-de9d8b3 swiper-slide\" role=\"group\" aria-roledescription=\"slide\"><div class=\"swiper-slide-bg\" role=\"img\" aria-label=\"llar-7\"><\/div><div class=\"swiper-slide-inner\" ><div class=\"swiper-slide-contents\"><\/div><\/div><\/div>\t\t\t\t<\/div>\n\t\t\t\t\t\t\t\t\t\t\t\t\t\t\t<div class=\"elementor-swiper-button elementor-swiper-button-prev\" role=\"button\" tabindex=\"0\" aria-label=\"Diapositiva anterior\">\n\t\t\t\t\t\t\t<i aria-hidden=\"true\" class=\"eicon-chevron-left\"><\/i>\t\t\t\t\t\t<\/div>\n\t\t\t\t\t\t<div class=\"elementor-swiper-button elementor-swiper-button-next\" role=\"button\" tabindex=\"0\" aria-label=\"Diapositiva siguiente\">\n\t\t\t\t\t\t\t<i aria-hidden=\"true\" class=\"eicon-chevron-right\"><\/i>\t\t\t\t\t\t<\/div>\n\t\t\t\t\t\t\t\t\t\t\t\t\t\t\t\t<div class=\"swiper-pagination\"><\/div>\n\t\t\t\t\t\t\t\t\t\t\t\t<\/div>\n\t\t\t\t<\/div>\n\t\t\t\t\t\t\t\t<\/div>\n\t\t\t\t<\/div>\n\t\t\t\t<div class=\"elementor-element elementor-element-5288e32 elementor-widget elementor-widget-heading\" data-id=\"5288e32\" data-element_type=\"widget\" data-e-type=\"widget\" data-widget_type=\"heading.default\">\n\t\t\t\t<div class=\"elementor-widget-container\">\n\t\t\t\t\t<h2 class=\"elementor-heading-title elementor-size-default\">Muebles auxiliares<\/h2>\t\t\t\t<\/div>\n\t\t\t\t<\/div>\n\t\t\t\t<div class=\"elementor-element elementor-element-9510f02 elementor-widget elementor-widget-heading\" data-id=\"9510f02\" data-element_type=\"widget\" data-e-type=\"widget\" data-widget_type=\"heading.default\">\n\t\t\t\t<div class=\"elementor-widget-container\">\n\t\t\t\t\t<h2 class=\"elementor-heading-title elementor-size-default\">Adapta el espacio a tus deseos<\/h2>\t\t\t\t<\/div>\n\t\t\t\t<\/div>\n\t\t\t\t<div class=\"elementor-element elementor-element-6e51ba8 elementor-widget elementor-widget-text-editor\" data-id=\"6e51ba8\" data-element_type=\"widget\" data-e-type=\"widget\" data-widget_type=\"text-editor.default\">\n\t\t\t\t<div class=\"elementor-widget-container\">\n\t\t\t\t\t\t\t\t\t<p>Pone car\u00e1cter y estilo en cada rinc\u00f3n de la casa con los toques personales de nuestras marcas. Estilos profesionales o bien despreocupados, cualquiera es posible y cualquiera puede encajarte. La magia de un hogar se encuentra en los peque\u00f1os detalles y nosotros te asesoramos para que los combines de la mejor forma.    <\/p>\n\t\t\t\t\t\t\t\t<\/div>\n\t\t\t\t<\/div>\n\t\t\t\t<section class=\"elementor-section elementor-inner-section elementor-element elementor-element-d31a73b elementor-section-boxed elementor-section-height-default elementor-section-height-default\" data-id=\"d31a73b\" data-element_type=\"section\" data-e-type=\"section\">\n\t\t\t\t\t\t<div class=\"elementor-container elementor-column-gap-default\">\n\t\t\t\t\t<div class=\"elementor-column elementor-col-20 elementor-inner-column elementor-element elementor-element-cbd20a0\" data-id=\"cbd20a0\" data-element_type=\"column\" data-e-type=\"column\">\n\t\t\t<div class=\"elementor-widget-wrap\">\n\t\t\t\t\t\t\t<\/div>\n\t\t<\/div>\n\t\t\t\t<div class=\"elementor-column elementor-col-20 elementor-inner-column elementor-element elementor-element-d6d627e\" data-id=\"d6d627e\" data-element_type=\"column\" data-e-type=\"column\">\n\t\t\t<div class=\"elementor-widget-wrap elementor-element-populated\">\n\t\t\t\t\t\t<div class=\"elementor-element elementor-element-193d9e0 elementor-widget elementor-widget-image\" data-id=\"193d9e0\" data-element_type=\"widget\" data-e-type=\"widget\" data-widget_type=\"image.default\">\n\t\t\t\t<div class=\"elementor-widget-container\">\n\t\t\t\t\t\t\t\t\t\t\t\t\t\t\t\t<a href=\"https:\/\/www.rosesinteriors.com\/mavilop\/\">\n\t\t\t\t\t\t\t<img decoding=\"async\" width=\"300\" height=\"150\" src=\"https:\/\/www.rosesinteriors.com\/wp-content\/uploads\/2017\/10\/mavilop-logo.jpg\" class=\"attachment-large size-large wp-image-16691\" alt=\"\" srcset=\"https:\/\/www.rosesinteriors.com\/wp-content\/uploads\/2017\/10\/mavilop-logo.jpg 300w, https:\/\/www.rosesinteriors.com\/wp-content\/uploads\/2017\/10\/mavilop-logo-260x130.jpg 260w, https:\/\/www.rosesinteriors.com\/wp-content\/uploads\/2017\/10\/mavilop-logo-50x25.jpg 50w, https:\/\/www.rosesinteriors.com\/wp-content\/uploads\/2017\/10\/mavilop-logo-150x75.jpg 150w\" sizes=\"(max-width: 300px) 100vw, 300px\" \/>\t\t\t\t\t\t\t\t<\/a>\n\t\t\t\t\t\t\t\t\t\t\t\t\t\t\t<\/div>\n\t\t\t\t<\/div>\n\t\t\t\t\t<\/div>\n\t\t<\/div>\n\t\t\t\t<div class=\"elementor-column elementor-col-20 elementor-inner-column elementor-element elementor-element-df6d792\" data-id=\"df6d792\" data-element_type=\"column\" data-e-type=\"column\">\n\t\t\t<div class=\"elementor-widget-wrap elementor-element-populated\">\n\t\t\t\t\t\t<div class=\"elementor-element elementor-element-1835b84 elementor-widget elementor-widget-image\" data-id=\"1835b84\" data-element_type=\"widget\" data-e-type=\"widget\" data-widget_type=\"image.default\">\n\t\t\t\t<div class=\"elementor-widget-container\">\n\t\t\t\t\t\t\t\t\t\t\t\t\t\t\t\t<a href=\"https:\/\/www.rosesinteriors.com\/discalsa\/\">\n\t\t\t\t\t\t\t<img decoding=\"async\" width=\"300\" height=\"150\" src=\"https:\/\/www.rosesinteriors.com\/wp-content\/uploads\/2017\/10\/discalsa-logo.jpg\" class=\"attachment-large size-large wp-image-16683\" alt=\"\" srcset=\"https:\/\/www.rosesinteriors.com\/wp-content\/uploads\/2017\/10\/discalsa-logo.jpg 300w, https:\/\/www.rosesinteriors.com\/wp-content\/uploads\/2017\/10\/discalsa-logo-260x130.jpg 260w, https:\/\/www.rosesinteriors.com\/wp-content\/uploads\/2017\/10\/discalsa-logo-50x25.jpg 50w, https:\/\/www.rosesinteriors.com\/wp-content\/uploads\/2017\/10\/discalsa-logo-150x75.jpg 150w\" sizes=\"(max-width: 300px) 100vw, 300px\" \/>\t\t\t\t\t\t\t\t<\/a>\n\t\t\t\t\t\t\t\t\t\t\t\t\t\t\t<\/div>\n\t\t\t\t<\/div>\n\t\t\t\t\t<\/div>\n\t\t<\/div>\n\t\t\t\t<div class=\"elementor-column elementor-col-20 elementor-inner-column elementor-element elementor-element-7a48994\" data-id=\"7a48994\" data-element_type=\"column\" data-e-type=\"column\">\n\t\t\t<div class=\"elementor-widget-wrap elementor-element-populated\">\n\t\t\t\t\t\t<div class=\"elementor-element elementor-element-e73d99c elementor-widget elementor-widget-image\" data-id=\"e73d99c\" data-element_type=\"widget\" data-e-type=\"widget\" data-widget_type=\"image.default\">\n\t\t\t\t<div class=\"elementor-widget-container\">\n\t\t\t\t\t\t\t\t\t\t\t\t\t\t\t\t<a href=\"https:\/\/www.rosesinteriors.com\/velasco-mesas-y-sillas\/\">\n\t\t\t\t\t\t\t<img decoding=\"async\" width=\"300\" height=\"150\" src=\"https:\/\/www.rosesinteriors.com\/wp-content\/uploads\/2017\/10\/velascomesasysillas-logo.jpg\" class=\"attachment-large size-large wp-image-16704\" alt=\"\" srcset=\"https:\/\/www.rosesinteriors.com\/wp-content\/uploads\/2017\/10\/velascomesasysillas-logo.jpg 300w, https:\/\/www.rosesinteriors.com\/wp-content\/uploads\/2017\/10\/velascomesasysillas-logo-260x130.jpg 260w, https:\/\/www.rosesinteriors.com\/wp-content\/uploads\/2017\/10\/velascomesasysillas-logo-50x25.jpg 50w, https:\/\/www.rosesinteriors.com\/wp-content\/uploads\/2017\/10\/velascomesasysillas-logo-150x75.jpg 150w\" sizes=\"(max-width: 300px) 100vw, 300px\" \/>\t\t\t\t\t\t\t\t<\/a>\n\t\t\t\t\t\t\t\t\t\t\t\t\t\t\t<\/div>\n\t\t\t\t<\/div>\n\t\t\t\t\t<\/div>\n\t\t<\/div>\n\t\t\t\t<div class=\"elementor-column elementor-col-20 elementor-inner-column elementor-element elementor-element-c57083c\" data-id=\"c57083c\" data-element_type=\"column\" data-e-type=\"column\">\n\t\t\t<div class=\"elementor-widget-wrap\">\n\t\t\t\t\t\t\t<\/div>\n\t\t<\/div>\n\t\t\t\t\t<\/div>\n\t\t<\/section>\n\t\t\t\t\t<\/div>\n\t\t<\/div>\n\t\t\t\t\t<\/div>\n\t\t<\/section>\n\t\t\t\t<\/div>\n\t\t","protected":false},"excerpt":{"rendered":"<p>Muebles auxiliares Adapta el espacio a tus deseos Pone car\u00e1cter y estilo en cada rinc\u00f3n de la casa con los toques personales de nuestras marcas. Estilos profesionales o bien despreocupados, cualquiera es posible y cualquiera puede encajarte. La magia de un hogar se encuentra en los peque\u00f1os detalles y nosotros te asesoramos para que los [&hellip;]<\/p>\n","protected":false},"author":4,"featured_media":0,"parent":0,"menu_order":0,"comment_status":"open","ping_status":"closed","template":"elementor_header_footer","meta":{"footnotes":""},"class_list":["post-25329","page","type-page","status-publish","hentry"],"yoast_head":"<!-- This site is optimized with the Yoast SEO plugin v27.3 - https:\/\/yoast.com\/product\/yoast-seo-wordpress\/ -->\n<title>Rosas | Estudio de Interiorismo Vilanova y la Geltr\u00fa. Cocinas de Dise\u00f1o<\/title>\n<meta name=\"description\" content=\"Un equipo de profesionales del dise\u00f1o enfocados al mundo de la cocina ya la creaci\u00f3n de mobiliario. Vinculados a las \u00faltimas tendencias en tu cocina.\" \/>\n<meta name=\"robots\" content=\"index, follow, max-snippet:-1, max-image-preview:large, max-video-preview:-1\" \/>\n<link rel=\"canonical\" href=\"https:\/\/www.rosesinteriors.com\/es\/muebles-auxiliares\/\" \/>\n<meta property=\"og:locale\" content=\"es_ES\" \/>\n<meta property=\"og:type\" content=\"article\" \/>\n<meta property=\"og:title\" content=\"Rosas | Estudio de Interiorismo Vilanova y la Geltr\u00fa. Cocinas de Dise\u00f1o\" \/>\n<meta property=\"og:description\" content=\"Un equipo de profesionales del dise\u00f1o enfocados al mundo de la cocina ya la creaci\u00f3n de mobiliario. Vinculados a las \u00faltimas tendencias en tu cocina.\" \/>\n<meta property=\"og:url\" content=\"https:\/\/www.rosesinteriors.com\/es\/muebles-auxiliares\/\" \/>\n<meta property=\"og:site_name\" content=\"Roses\" \/>\n<meta property=\"article:modified_time\" content=\"2025-01-22T09:39:36+00:00\" \/>\n<meta property=\"og:image\" content=\"https:\/\/www.rosesinteriors.com\/wp-content\/uploads\/2017\/10\/mavilop-logo.jpg\" \/>\n\t<meta property=\"og:image:width\" content=\"300\" \/>\n\t<meta property=\"og:image:height\" content=\"150\" \/>\n\t<meta property=\"og:image:type\" content=\"image\/jpeg\" \/>\n<script type=\"application\/ld+json\" class=\"yoast-schema-graph\">{\"@context\":\"https:\\\/\\\/schema.org\",\"@graph\":[{\"@type\":\"WebPage\",\"@id\":\"https:\\\/\\\/www.rosesinteriors.com\\\/es\\\/muebles-auxiliares\\\/\",\"url\":\"https:\\\/\\\/www.rosesinteriors.com\\\/es\\\/muebles-auxiliares\\\/\",\"name\":\"Rosas | Estudio de Interiorismo Vilanova y la Geltr\u00fa. Cocinas de Dise\u00f1o\",\"isPartOf\":{\"@id\":\"https:\\\/\\\/www.rosesinteriors.com\\\/es\\\/#website\"},\"primaryImageOfPage\":{\"@id\":\"https:\\\/\\\/www.rosesinteriors.com\\\/es\\\/muebles-auxiliares\\\/#primaryimage\"},\"image\":{\"@id\":\"https:\\\/\\\/www.rosesinteriors.com\\\/es\\\/muebles-auxiliares\\\/#primaryimage\"},\"thumbnailUrl\":\"https:\\\/\\\/www.rosesinteriors.com\\\/wp-content\\\/uploads\\\/2017\\\/10\\\/mavilop-logo.jpg\",\"datePublished\":\"2017-11-02T11:45:11+00:00\",\"dateModified\":\"2025-01-22T09:39:36+00:00\",\"description\":\"Un equipo de profesionales del dise\u00f1o enfocados al mundo de la cocina ya la creaci\u00f3n de mobiliario. Vinculados a las \u00faltimas tendencias en tu cocina.\",\"breadcrumb\":{\"@id\":\"https:\\\/\\\/www.rosesinteriors.com\\\/es\\\/muebles-auxiliares\\\/#breadcrumb\"},\"inLanguage\":\"es\",\"potentialAction\":[{\"@type\":\"ReadAction\",\"target\":[\"https:\\\/\\\/www.rosesinteriors.com\\\/es\\\/muebles-auxiliares\\\/\"]}]},{\"@type\":\"ImageObject\",\"inLanguage\":\"es\",\"@id\":\"https:\\\/\\\/www.rosesinteriors.com\\\/es\\\/muebles-auxiliares\\\/#primaryimage\",\"url\":\"https:\\\/\\\/www.rosesinteriors.com\\\/wp-content\\\/uploads\\\/2017\\\/10\\\/mavilop-logo.jpg\",\"contentUrl\":\"https:\\\/\\\/www.rosesinteriors.com\\\/wp-content\\\/uploads\\\/2017\\\/10\\\/mavilop-logo.jpg\"},{\"@type\":\"BreadcrumbList\",\"@id\":\"https:\\\/\\\/www.rosesinteriors.com\\\/es\\\/muebles-auxiliares\\\/#breadcrumb\",\"itemListElement\":[{\"@type\":\"ListItem\",\"position\":1,\"name\":\"Home\",\"item\":\"https:\\\/\\\/www.rosesinteriors.com\\\/es\\\/hombre\\\/\"},{\"@type\":\"ListItem\",\"position\":2,\"name\":\"Muebles auxiliares\"}]},{\"@type\":\"WebSite\",\"@id\":\"https:\\\/\\\/www.rosesinteriors.com\\\/es\\\/#website\",\"url\":\"https:\\\/\\\/www.rosesinteriors.com\\\/es\\\/\",\"name\":\"Roses\",\"description\":\"Cuines i disseny\",\"potentialAction\":[{\"@type\":\"SearchAction\",\"target\":{\"@type\":\"EntryPoint\",\"urlTemplate\":\"https:\\\/\\\/www.rosesinteriors.com\\\/es\\\/?s={search_term_string}\"},\"query-input\":{\"@type\":\"PropertyValueSpecification\",\"valueRequired\":true,\"valueName\":\"search_term_string\"}}],\"inLanguage\":\"es\"}]}<\/script>\n<!-- \/ Yoast SEO plugin. -->","yoast_head_json":{"title":"Rosas | Estudio de Interiorismo Vilanova y la Geltr\u00fa. Cocinas de Dise\u00f1o","description":"Un equipo de profesionales del dise\u00f1o enfocados al mundo de la cocina ya la creaci\u00f3n de mobiliario. Vinculados a las \u00faltimas tendencias en tu cocina.","robots":{"index":"index","follow":"follow","max-snippet":"max-snippet:-1","max-image-preview":"max-image-preview:large","max-video-preview":"max-video-preview:-1"},"canonical":"https:\/\/www.rosesinteriors.com\/es\/muebles-auxiliares\/","og_locale":"es_ES","og_type":"article","og_title":"Rosas | Estudio de Interiorismo Vilanova y la Geltr\u00fa. Cocinas de Dise\u00f1o","og_description":"Un equipo de profesionales del dise\u00f1o enfocados al mundo de la cocina ya la creaci\u00f3n de mobiliario. Vinculados a las \u00faltimas tendencias en tu cocina.","og_url":"https:\/\/www.rosesinteriors.com\/es\/muebles-auxiliares\/","og_site_name":"Roses","article_modified_time":"2025-01-22T09:39:36+00:00","og_image":[{"width":300,"height":150,"url":"https:\/\/www.rosesinteriors.com\/wp-content\/uploads\/2017\/10\/mavilop-logo.jpg","type":"image\/jpeg"}],"schema":{"@context":"https:\/\/schema.org","@graph":[{"@type":"WebPage","@id":"https:\/\/www.rosesinteriors.com\/es\/muebles-auxiliares\/","url":"https:\/\/www.rosesinteriors.com\/es\/muebles-auxiliares\/","name":"Rosas | Estudio de Interiorismo Vilanova y la Geltr\u00fa. Cocinas de Dise\u00f1o","isPartOf":{"@id":"https:\/\/www.rosesinteriors.com\/es\/#website"},"primaryImageOfPage":{"@id":"https:\/\/www.rosesinteriors.com\/es\/muebles-auxiliares\/#primaryimage"},"image":{"@id":"https:\/\/www.rosesinteriors.com\/es\/muebles-auxiliares\/#primaryimage"},"thumbnailUrl":"https:\/\/www.rosesinteriors.com\/wp-content\/uploads\/2017\/10\/mavilop-logo.jpg","datePublished":"2017-11-02T11:45:11+00:00","dateModified":"2025-01-22T09:39:36+00:00","description":"Un equipo de profesionales del dise\u00f1o enfocados al mundo de la cocina ya la creaci\u00f3n de mobiliario. Vinculados a las \u00faltimas tendencias en tu cocina.","breadcrumb":{"@id":"https:\/\/www.rosesinteriors.com\/es\/muebles-auxiliares\/#breadcrumb"},"inLanguage":"es","potentialAction":[{"@type":"ReadAction","target":["https:\/\/www.rosesinteriors.com\/es\/muebles-auxiliares\/"]}]},{"@type":"ImageObject","inLanguage":"es","@id":"https:\/\/www.rosesinteriors.com\/es\/muebles-auxiliares\/#primaryimage","url":"https:\/\/www.rosesinteriors.com\/wp-content\/uploads\/2017\/10\/mavilop-logo.jpg","contentUrl":"https:\/\/www.rosesinteriors.com\/wp-content\/uploads\/2017\/10\/mavilop-logo.jpg"},{"@type":"BreadcrumbList","@id":"https:\/\/www.rosesinteriors.com\/es\/muebles-auxiliares\/#breadcrumb","itemListElement":[{"@type":"ListItem","position":1,"name":"Home","item":"https:\/\/www.rosesinteriors.com\/es\/hombre\/"},{"@type":"ListItem","position":2,"name":"Muebles auxiliares"}]},{"@type":"WebSite","@id":"https:\/\/www.rosesinteriors.com\/es\/#website","url":"https:\/\/www.rosesinteriors.com\/es\/","name":"Roses","description":"Cuines i disseny","potentialAction":[{"@type":"SearchAction","target":{"@type":"EntryPoint","urlTemplate":"https:\/\/www.rosesinteriors.com\/es\/?s={search_term_string}"},"query-input":{"@type":"PropertyValueSpecification","valueRequired":true,"valueName":"search_term_string"}}],"inLanguage":"es"}]}},"_links":{"self":[{"href":"https:\/\/www.rosesinteriors.com\/es\/wp-json\/wp\/v2\/pages\/25329","targetHints":{"allow":["GET"]}}],"collection":[{"href":"https:\/\/www.rosesinteriors.com\/es\/wp-json\/wp\/v2\/pages"}],"about":[{"href":"https:\/\/www.rosesinteriors.com\/es\/wp-json\/wp\/v2\/types\/page"}],"author":[{"embeddable":true,"href":"https:\/\/www.rosesinteriors.com\/es\/wp-json\/wp\/v2\/users\/4"}],"replies":[{"embeddable":true,"href":"https:\/\/www.rosesinteriors.com\/es\/wp-json\/wp\/v2\/comments?post=25329"}],"version-history":[{"count":0,"href":"https:\/\/www.rosesinteriors.com\/es\/wp-json\/wp\/v2\/pages\/25329\/revisions"}],"wp:attachment":[{"href":"https:\/\/www.rosesinteriors.com\/es\/wp-json\/wp\/v2\/media?parent=25329"}],"curies":[{"name":"wp","href":"https:\/\/api.w.org\/{rel}","templated":true}]}}