{"id":25334,"date":"2017-11-02T11:54:41","date_gmt":"2017-11-02T11:54:41","guid":{"rendered":"https:\/\/www.rosesinteriors.com\/accesorios-y-complementos\/"},"modified":"2025-01-22T09:39:43","modified_gmt":"2025-01-22T09:39:43","slug":"accesorios-y-complementos","status":"publish","type":"page","link":"https:\/\/www.rosesinteriors.com\/es\/accesorios-y-complementos\/","title":{"rendered":"Accesorios y complementos"},"content":{"rendered":"\t\t<div data-elementor-type=\"wp-page\" data-elementor-id=\"25334\" class=\"elementor elementor-25334 elementor-4349\" data-elementor-post-type=\"page\">\n\t\t\t\t\t\t<section class=\"elementor-section elementor-top-section elementor-element elementor-element-b0756a1 elementor-section-boxed elementor-section-height-default elementor-section-height-default\" data-id=\"b0756a1\" data-element_type=\"section\" data-e-type=\"section\">\n\t\t\t\t\t\t<div class=\"elementor-container elementor-column-gap-default\">\n\t\t\t\t\t<div class=\"elementor-column elementor-col-100 elementor-top-column elementor-element elementor-element-60391c3\" data-id=\"60391c3\" data-element_type=\"column\" data-e-type=\"column\">\n\t\t\t<div class=\"elementor-widget-wrap elementor-element-populated\">\n\t\t\t\t\t\t<div class=\"elementor-element elementor-element-c8d270f elementor--h-position-center elementor--v-position-middle elementor-arrows-position-inside elementor-pagination-position-inside elementor-widget elementor-widget-slides\" data-id=\"c8d270f\" data-element_type=\"widget\" data-e-type=\"widget\" data-settings=\"{&quot;transition&quot;:&quot;fade&quot;,&quot;navigation&quot;:&quot;both&quot;,&quot;autoplay&quot;:&quot;yes&quot;,&quot;pause_on_hover&quot;:&quot;yes&quot;,&quot;pause_on_interaction&quot;:&quot;yes&quot;,&quot;autoplay_speed&quot;:5000,&quot;infinite&quot;:&quot;yes&quot;,&quot;transition_speed&quot;:500}\" data-widget_type=\"slides.default\">\n\t\t\t\t<div class=\"elementor-widget-container\">\n\t\t\t\t\t\t\t\t\t<div class=\"elementor-swiper\">\n\t\t\t\t\t<div class=\"elementor-slides-wrapper elementor-main-swiper swiper\" role=\"region\" aria-roledescription=\"carousel\" aria-label=\"Diapositivas\" dir=\"ltr\" data-animation=\"fadeInUp\">\n\t\t\t\t<div class=\"swiper-wrapper elementor-slides\">\n\t\t\t\t\t\t\t\t\t\t<div class=\"elementor-repeater-item-106eae1 swiper-slide\" role=\"group\" aria-roledescription=\"slide\"><div class=\"swiper-slide-bg\" role=\"img\" aria-label=\"illar11\"><\/div><div class=\"swiper-slide-inner\" ><div class=\"swiper-slide-contents\"><\/div><\/div><\/div><div class=\"elementor-repeater-item-ce46d19 swiper-slide\" role=\"group\" aria-roledescription=\"slide\"><div class=\"swiper-slide-bg\" role=\"img\" aria-label=\"llar-13\"><\/div><div class=\"swiper-slide-inner\" ><div class=\"swiper-slide-contents\"><\/div><\/div><\/div><div class=\"elementor-repeater-item-868975e swiper-slide\" role=\"group\" aria-roledescription=\"slide\"><div class=\"swiper-slide-bg\" role=\"img\" aria-label=\"llar-10\"><\/div><div class=\"swiper-slide-inner\" ><div class=\"swiper-slide-contents\"><\/div><\/div><\/div><div class=\"elementor-repeater-item-bcf8190 swiper-slide\" role=\"group\" aria-roledescription=\"slide\"><div class=\"swiper-slide-bg\" role=\"img\" aria-label=\"llar-11\"><\/div><div class=\"swiper-slide-inner\" ><div class=\"swiper-slide-contents\"><\/div><\/div><\/div>\t\t\t\t<\/div>\n\t\t\t\t\t\t\t\t\t\t\t\t\t\t\t<div class=\"elementor-swiper-button elementor-swiper-button-prev\" role=\"button\" tabindex=\"0\" aria-label=\"Diapositiva anterior\">\n\t\t\t\t\t\t\t<i aria-hidden=\"true\" class=\"eicon-chevron-left\"><\/i>\t\t\t\t\t\t<\/div>\n\t\t\t\t\t\t<div class=\"elementor-swiper-button elementor-swiper-button-next\" role=\"button\" tabindex=\"0\" aria-label=\"Diapositiva siguiente\">\n\t\t\t\t\t\t\t<i aria-hidden=\"true\" class=\"eicon-chevron-right\"><\/i>\t\t\t\t\t\t<\/div>\n\t\t\t\t\t\t\t\t\t\t\t\t\t\t\t\t<div class=\"swiper-pagination\"><\/div>\n\t\t\t\t\t\t\t\t\t\t\t\t<\/div>\n\t\t\t\t<\/div>\n\t\t\t\t\t\t\t\t<\/div>\n\t\t\t\t<\/div>\n\t\t\t\t\t<\/div>\n\t\t<\/div>\n\t\t\t\t\t<\/div>\n\t\t<\/section>\n\t\t\t\t<section class=\"elementor-section elementor-top-section elementor-element elementor-element-dbc9cbd elementor-section-boxed elementor-section-height-default elementor-section-height-default\" data-id=\"dbc9cbd\" data-element_type=\"section\" data-e-type=\"section\">\n\t\t\t\t\t\t<div class=\"elementor-container elementor-column-gap-default\">\n\t\t\t\t\t<div class=\"elementor-column elementor-col-100 elementor-top-column elementor-element elementor-element-5d416e1\" data-id=\"5d416e1\" data-element_type=\"column\" data-e-type=\"column\">\n\t\t\t<div class=\"elementor-widget-wrap elementor-element-populated\">\n\t\t\t\t\t\t<div class=\"elementor-element elementor-element-28aa4fc elementor-widget elementor-widget-heading\" data-id=\"28aa4fc\" data-element_type=\"widget\" data-e-type=\"widget\" data-widget_type=\"heading.default\">\n\t\t\t\t<div class=\"elementor-widget-container\">\n\t\t\t\t\t<h2 class=\"elementor-heading-title elementor-size-default\">Accesorios y complementos<\/h2>\t\t\t\t<\/div>\n\t\t\t\t<\/div>\n\t\t\t\t<div class=\"elementor-element elementor-element-218faf5 elementor-widget elementor-widget-heading\" data-id=\"218faf5\" data-element_type=\"widget\" data-e-type=\"widget\" data-widget_type=\"heading.default\">\n\t\t\t\t<div class=\"elementor-widget-container\">\n\t\t\t\t\t<h2 class=\"elementor-heading-title elementor-size-default\">Pon tu toque personal en tu hogar<\/h2>\t\t\t\t<\/div>\n\t\t\t\t<\/div>\n\t\t\t\t<div class=\"elementor-element elementor-element-86be123 elementor-widget elementor-widget-text-editor\" data-id=\"86be123\" data-element_type=\"widget\" data-e-type=\"widget\" data-widget_type=\"text-editor.default\">\n\t\t\t\t<div class=\"elementor-widget-container\">\n\t\t\t\t\t\t\t\t\t<p>Haz tu cocina m\u00e1s funcional, tu ba\u00f1o m\u00e1s adaptado o comedor m\u00e1s espacioso. Tenemos soluciones con estilo para ba\u00f1os, o cocinas que necesitan mayor almacenamiento. Tambi\u00e9n contamos con la ayuda de empresas de construcci\u00f3n y reformas a medida para que crees t\u00fa tu propia soluci\u00f3n.    <\/p>\n\t\t\t\t\t\t\t\t<\/div>\n\t\t\t\t<\/div>\n\t\t\t\t<section class=\"elementor-section elementor-inner-section elementor-element elementor-element-1418d9d elementor-section-boxed elementor-section-height-default elementor-section-height-default\" data-id=\"1418d9d\" data-element_type=\"section\" data-e-type=\"section\">\n\t\t\t\t\t\t<div class=\"elementor-container elementor-column-gap-default\">\n\t\t\t\t\t<div class=\"elementor-column elementor-col-25 elementor-inner-column elementor-element elementor-element-fb3c2b2\" data-id=\"fb3c2b2\" data-element_type=\"column\" data-e-type=\"column\">\n\t\t\t<div class=\"elementor-widget-wrap elementor-element-populated\">\n\t\t\t\t\t\t<div class=\"elementor-element elementor-element-ba1e186 elementor-widget elementor-widget-image\" data-id=\"ba1e186\" data-element_type=\"widget\" data-e-type=\"widget\" data-widget_type=\"image.default\">\n\t\t\t\t<div class=\"elementor-widget-container\">\n\t\t\t\t\t\t\t\t\t\t\t\t\t\t\t\t<a href=\"https:\/\/www.rosesinteriors.com\/es\/pyp\/\">\n\t\t\t\t\t\t\t<img decoding=\"async\" width=\"300\" height=\"150\" src=\"https:\/\/www.rosesinteriors.com\/wp-content\/uploads\/2017\/10\/pyp-logo.jpg\" class=\"attachment-large size-large wp-image-16695\" alt=\"\" srcset=\"https:\/\/www.rosesinteriors.com\/wp-content\/uploads\/2017\/10\/pyp-logo.jpg 300w, https:\/\/www.rosesinteriors.com\/wp-content\/uploads\/2017\/10\/pyp-logo-260x130.jpg 260w, https:\/\/www.rosesinteriors.com\/wp-content\/uploads\/2017\/10\/pyp-logo-50x25.jpg 50w, https:\/\/www.rosesinteriors.com\/wp-content\/uploads\/2017\/10\/pyp-logo-150x75.jpg 150w\" sizes=\"(max-width: 300px) 100vw, 300px\" \/>\t\t\t\t\t\t\t\t<\/a>\n\t\t\t\t\t\t\t\t\t\t\t\t\t\t\t<\/div>\n\t\t\t\t<\/div>\n\t\t\t\t\t<\/div>\n\t\t<\/div>\n\t\t\t\t<div class=\"elementor-column elementor-col-25 elementor-inner-column elementor-element elementor-element-7b45f7a\" data-id=\"7b45f7a\" data-element_type=\"column\" data-e-type=\"column\">\n\t\t\t<div class=\"elementor-widget-wrap elementor-element-populated\">\n\t\t\t\t\t\t<div class=\"elementor-element elementor-element-4041106 elementor-widget elementor-widget-image\" data-id=\"4041106\" data-element_type=\"widget\" data-e-type=\"widget\" data-widget_type=\"image.default\">\n\t\t\t\t<div class=\"elementor-widget-container\">\n\t\t\t\t\t\t\t\t\t\t\t\t\t\t\t\t<a href=\"https:\/\/www.rosesinteriors.com\/cucineoggi\/\">\n\t\t\t\t\t\t\t<img fetchpriority=\"high\" decoding=\"async\" width=\"800\" height=\"263\" src=\"https:\/\/www.rosesinteriors.com\/wp-content\/uploads\/2024\/12\/cucineoggi.jpg\" class=\"attachment-large size-large wp-image-24530\" alt=\"\" srcset=\"https:\/\/www.rosesinteriors.com\/wp-content\/uploads\/2024\/12\/cucineoggi.jpg 800w, https:\/\/www.rosesinteriors.com\/wp-content\/uploads\/2024\/12\/cucineoggi-300x99.jpg 300w, https:\/\/www.rosesinteriors.com\/wp-content\/uploads\/2024\/12\/cucineoggi-768x252.jpg 768w\" sizes=\"(max-width: 800px) 100vw, 800px\" \/>\t\t\t\t\t\t\t\t<\/a>\n\t\t\t\t\t\t\t\t\t\t\t\t\t\t\t<\/div>\n\t\t\t\t<\/div>\n\t\t\t\t\t<\/div>\n\t\t<\/div>\n\t\t\t\t<div class=\"elementor-column elementor-col-25 elementor-inner-column elementor-element elementor-element-ef9e6d3\" data-id=\"ef9e6d3\" data-element_type=\"column\" data-e-type=\"column\">\n\t\t\t<div class=\"elementor-widget-wrap elementor-element-populated\">\n\t\t\t\t\t\t<div class=\"elementor-element elementor-element-0b72ec3 elementor-widget elementor-widget-image\" data-id=\"0b72ec3\" data-element_type=\"widget\" data-e-type=\"widget\" data-widget_type=\"image.default\">\n\t\t\t\t<div class=\"elementor-widget-container\">\n\t\t\t\t\t\t\t\t\t\t\t\t\t\t\t\t<a href=\"https:\/\/www.rosesinteriors.com\/es\/kessbohmer\/\">\n\t\t\t\t\t\t\t<img decoding=\"async\" width=\"300\" height=\"150\" src=\"https:\/\/www.rosesinteriors.com\/wp-content\/uploads\/2017\/10\/kessebhomer-logo-logo.jpg\" class=\"attachment-large size-large wp-image-16687\" alt=\"\" srcset=\"https:\/\/www.rosesinteriors.com\/wp-content\/uploads\/2017\/10\/kessebhomer-logo-logo.jpg 300w, https:\/\/www.rosesinteriors.com\/wp-content\/uploads\/2017\/10\/kessebhomer-logo-logo-260x130.jpg 260w, https:\/\/www.rosesinteriors.com\/wp-content\/uploads\/2017\/10\/kessebhomer-logo-logo-50x25.jpg 50w, https:\/\/www.rosesinteriors.com\/wp-content\/uploads\/2017\/10\/kessebhomer-logo-logo-150x75.jpg 150w\" sizes=\"(max-width: 300px) 100vw, 300px\" \/>\t\t\t\t\t\t\t\t<\/a>\n\t\t\t\t\t\t\t\t\t\t\t\t\t\t\t<\/div>\n\t\t\t\t<\/div>\n\t\t\t\t\t<\/div>\n\t\t<\/div>\n\t\t\t\t<div class=\"elementor-column elementor-col-25 elementor-inner-column elementor-element elementor-element-d3280d9\" data-id=\"d3280d9\" data-element_type=\"column\" data-e-type=\"column\">\n\t\t\t<div class=\"elementor-widget-wrap elementor-element-populated\">\n\t\t\t\t\t\t<div class=\"elementor-element elementor-element-7bc0260 elementor-widget elementor-widget-image\" data-id=\"7bc0260\" data-element_type=\"widget\" data-e-type=\"widget\" data-widget_type=\"image.default\">\n\t\t\t\t<div class=\"elementor-widget-container\">\n\t\t\t\t\t\t\t\t\t\t\t\t\t\t\t\t<a href=\"https:\/\/www.rosesinteriors.com\/es\/blum\/\">\n\t\t\t\t\t\t\t<img loading=\"lazy\" decoding=\"async\" width=\"300\" height=\"150\" src=\"https:\/\/www.rosesinteriors.com\/wp-content\/uploads\/2017\/10\/blum-logo.jpg\" class=\"attachment-large size-large wp-image-16680\" alt=\"\" srcset=\"https:\/\/www.rosesinteriors.com\/wp-content\/uploads\/2017\/10\/blum-logo.jpg 300w, https:\/\/www.rosesinteriors.com\/wp-content\/uploads\/2017\/10\/blum-logo-260x130.jpg 260w, https:\/\/www.rosesinteriors.com\/wp-content\/uploads\/2017\/10\/blum-logo-50x25.jpg 50w, https:\/\/www.rosesinteriors.com\/wp-content\/uploads\/2017\/10\/blum-logo-150x75.jpg 150w\" sizes=\"(max-width: 300px) 100vw, 300px\" \/>\t\t\t\t\t\t\t\t<\/a>\n\t\t\t\t\t\t\t\t\t\t\t\t\t\t\t<\/div>\n\t\t\t\t<\/div>\n\t\t\t\t\t<\/div>\n\t\t<\/div>\n\t\t\t\t\t<\/div>\n\t\t<\/section>\n\t\t\t\t\t<\/div>\n\t\t<\/div>\n\t\t\t\t\t<\/div>\n\t\t<\/section>\n\t\t\t\t<\/div>\n\t\t","protected":false},"excerpt":{"rendered":"<p>Accesorios y complementos Pon tu toque personal en tu hogar Haz tu cocina m\u00e1s funcional, tu ba\u00f1o m\u00e1s adaptado o comedor m\u00e1s espacioso. Tenemos soluciones con estilo para ba\u00f1os, o cocinas que necesitan mayor almacenamiento. Tambi\u00e9n contamos con la ayuda de empresas de construcci\u00f3n y reformas a medida para que crees t\u00fa tu propia soluci\u00f3n.<\/p>\n","protected":false},"author":4,"featured_media":0,"parent":0,"menu_order":0,"comment_status":"open","ping_status":"closed","template":"elementor_header_footer","meta":{"footnotes":""},"class_list":["post-25334","page","type-page","status-publish","hentry"],"yoast_head":"<!-- This site is optimized with the Yoast SEO plugin v27.4 - https:\/\/yoast.com\/product\/yoast-seo-wordpress\/ -->\n<title>Rosas | Estudio de Interiorismo Vilanova y la Geltr\u00fa. Cocinas de Dise\u00f1o<\/title>\n<meta name=\"description\" content=\"Un equipo de profesionales del dise\u00f1o enfocados al mundo de la cocina ya la creaci\u00f3n de mobiliario. Vinculados a las \u00faltimas tendencias en tu cocina.\" \/>\n<meta name=\"robots\" content=\"index, follow, max-snippet:-1, max-image-preview:large, max-video-preview:-1\" \/>\n<link rel=\"canonical\" href=\"https:\/\/www.rosesinteriors.com\/es\/accesorios-y-complementos\/\" \/>\n<meta property=\"og:locale\" content=\"es_ES\" \/>\n<meta property=\"og:type\" content=\"article\" \/>\n<meta property=\"og:title\" content=\"Rosas | Estudio de Interiorismo Vilanova y la Geltr\u00fa. Cocinas de Dise\u00f1o\" \/>\n<meta property=\"og:description\" content=\"Un equipo de profesionales del dise\u00f1o enfocados al mundo de la cocina ya la creaci\u00f3n de mobiliario. Vinculados a las \u00faltimas tendencias en tu cocina.\" \/>\n<meta property=\"og:url\" content=\"https:\/\/www.rosesinteriors.com\/es\/accesorios-y-complementos\/\" \/>\n<meta property=\"og:site_name\" content=\"Roses\" \/>\n<meta property=\"article:modified_time\" content=\"2025-01-22T09:39:43+00:00\" \/>\n<meta property=\"og:image\" content=\"https:\/\/www.rosesinteriors.com\/wp-content\/uploads\/2017\/10\/pyp-logo.jpg\" \/>\n<script type=\"application\/ld+json\" class=\"yoast-schema-graph\">{\"@context\":\"https:\\\/\\\/schema.org\",\"@graph\":[{\"@type\":\"WebPage\",\"@id\":\"https:\\\/\\\/www.rosesinteriors.com\\\/es\\\/accesorios-y-complementos\\\/\",\"url\":\"https:\\\/\\\/www.rosesinteriors.com\\\/es\\\/accesorios-y-complementos\\\/\",\"name\":\"Rosas | Estudio de Interiorismo Vilanova y la Geltr\u00fa. Cocinas de Dise\u00f1o\",\"isPartOf\":{\"@id\":\"https:\\\/\\\/www.rosesinteriors.com\\\/es\\\/#website\"},\"primaryImageOfPage\":{\"@id\":\"https:\\\/\\\/www.rosesinteriors.com\\\/es\\\/accesorios-y-complementos\\\/#primaryimage\"},\"image\":{\"@id\":\"https:\\\/\\\/www.rosesinteriors.com\\\/es\\\/accesorios-y-complementos\\\/#primaryimage\"},\"thumbnailUrl\":\"https:\\\/\\\/www.rosesinteriors.com\\\/wp-content\\\/uploads\\\/2017\\\/10\\\/pyp-logo.jpg\",\"datePublished\":\"2017-11-02T11:54:41+00:00\",\"dateModified\":\"2025-01-22T09:39:43+00:00\",\"description\":\"Un equipo de profesionales del dise\u00f1o enfocados al mundo de la cocina ya la creaci\u00f3n de mobiliario. Vinculados a las \u00faltimas tendencias en tu cocina.\",\"breadcrumb\":{\"@id\":\"https:\\\/\\\/www.rosesinteriors.com\\\/es\\\/accesorios-y-complementos\\\/#breadcrumb\"},\"inLanguage\":\"es\",\"potentialAction\":[{\"@type\":\"ReadAction\",\"target\":[\"https:\\\/\\\/www.rosesinteriors.com\\\/es\\\/accesorios-y-complementos\\\/\"]}]},{\"@type\":\"ImageObject\",\"inLanguage\":\"es\",\"@id\":\"https:\\\/\\\/www.rosesinteriors.com\\\/es\\\/accesorios-y-complementos\\\/#primaryimage\",\"url\":\"https:\\\/\\\/www.rosesinteriors.com\\\/wp-content\\\/uploads\\\/2017\\\/10\\\/pyp-logo.jpg\",\"contentUrl\":\"https:\\\/\\\/www.rosesinteriors.com\\\/wp-content\\\/uploads\\\/2017\\\/10\\\/pyp-logo.jpg\"},{\"@type\":\"BreadcrumbList\",\"@id\":\"https:\\\/\\\/www.rosesinteriors.com\\\/es\\\/accesorios-y-complementos\\\/#breadcrumb\",\"itemListElement\":[{\"@type\":\"ListItem\",\"position\":1,\"name\":\"Home\",\"item\":\"https:\\\/\\\/www.rosesinteriors.com\\\/es\\\/hombre\\\/\"},{\"@type\":\"ListItem\",\"position\":2,\"name\":\"Accesorios y complementos\"}]},{\"@type\":\"WebSite\",\"@id\":\"https:\\\/\\\/www.rosesinteriors.com\\\/es\\\/#website\",\"url\":\"https:\\\/\\\/www.rosesinteriors.com\\\/es\\\/\",\"name\":\"Roses\",\"description\":\"Cuines i disseny\",\"potentialAction\":[{\"@type\":\"SearchAction\",\"target\":{\"@type\":\"EntryPoint\",\"urlTemplate\":\"https:\\\/\\\/www.rosesinteriors.com\\\/es\\\/?s={search_term_string}\"},\"query-input\":{\"@type\":\"PropertyValueSpecification\",\"valueRequired\":true,\"valueName\":\"search_term_string\"}}],\"inLanguage\":\"es\"}]}<\/script>\n<!-- \/ Yoast SEO plugin. -->","yoast_head_json":{"title":"Rosas | Estudio de Interiorismo Vilanova y la Geltr\u00fa. Cocinas de Dise\u00f1o","description":"Un equipo de profesionales del dise\u00f1o enfocados al mundo de la cocina ya la creaci\u00f3n de mobiliario. Vinculados a las \u00faltimas tendencias en tu cocina.","robots":{"index":"index","follow":"follow","max-snippet":"max-snippet:-1","max-image-preview":"max-image-preview:large","max-video-preview":"max-video-preview:-1"},"canonical":"https:\/\/www.rosesinteriors.com\/es\/accesorios-y-complementos\/","og_locale":"es_ES","og_type":"article","og_title":"Rosas | Estudio de Interiorismo Vilanova y la Geltr\u00fa. Cocinas de Dise\u00f1o","og_description":"Un equipo de profesionales del dise\u00f1o enfocados al mundo de la cocina ya la creaci\u00f3n de mobiliario. Vinculados a las \u00faltimas tendencias en tu cocina.","og_url":"https:\/\/www.rosesinteriors.com\/es\/accesorios-y-complementos\/","og_site_name":"Roses","article_modified_time":"2025-01-22T09:39:43+00:00","og_image":[{"url":"https:\/\/www.rosesinteriors.com\/wp-content\/uploads\/2017\/10\/pyp-logo.jpg","type":"","width":"","height":""}],"schema":{"@context":"https:\/\/schema.org","@graph":[{"@type":"WebPage","@id":"https:\/\/www.rosesinteriors.com\/es\/accesorios-y-complementos\/","url":"https:\/\/www.rosesinteriors.com\/es\/accesorios-y-complementos\/","name":"Rosas | Estudio de Interiorismo Vilanova y la Geltr\u00fa. Cocinas de Dise\u00f1o","isPartOf":{"@id":"https:\/\/www.rosesinteriors.com\/es\/#website"},"primaryImageOfPage":{"@id":"https:\/\/www.rosesinteriors.com\/es\/accesorios-y-complementos\/#primaryimage"},"image":{"@id":"https:\/\/www.rosesinteriors.com\/es\/accesorios-y-complementos\/#primaryimage"},"thumbnailUrl":"https:\/\/www.rosesinteriors.com\/wp-content\/uploads\/2017\/10\/pyp-logo.jpg","datePublished":"2017-11-02T11:54:41+00:00","dateModified":"2025-01-22T09:39:43+00:00","description":"Un equipo de profesionales del dise\u00f1o enfocados al mundo de la cocina ya la creaci\u00f3n de mobiliario. Vinculados a las \u00faltimas tendencias en tu cocina.","breadcrumb":{"@id":"https:\/\/www.rosesinteriors.com\/es\/accesorios-y-complementos\/#breadcrumb"},"inLanguage":"es","potentialAction":[{"@type":"ReadAction","target":["https:\/\/www.rosesinteriors.com\/es\/accesorios-y-complementos\/"]}]},{"@type":"ImageObject","inLanguage":"es","@id":"https:\/\/www.rosesinteriors.com\/es\/accesorios-y-complementos\/#primaryimage","url":"https:\/\/www.rosesinteriors.com\/wp-content\/uploads\/2017\/10\/pyp-logo.jpg","contentUrl":"https:\/\/www.rosesinteriors.com\/wp-content\/uploads\/2017\/10\/pyp-logo.jpg"},{"@type":"BreadcrumbList","@id":"https:\/\/www.rosesinteriors.com\/es\/accesorios-y-complementos\/#breadcrumb","itemListElement":[{"@type":"ListItem","position":1,"name":"Home","item":"https:\/\/www.rosesinteriors.com\/es\/hombre\/"},{"@type":"ListItem","position":2,"name":"Accesorios y complementos"}]},{"@type":"WebSite","@id":"https:\/\/www.rosesinteriors.com\/es\/#website","url":"https:\/\/www.rosesinteriors.com\/es\/","name":"Roses","description":"Cuines i disseny","potentialAction":[{"@type":"SearchAction","target":{"@type":"EntryPoint","urlTemplate":"https:\/\/www.rosesinteriors.com\/es\/?s={search_term_string}"},"query-input":{"@type":"PropertyValueSpecification","valueRequired":true,"valueName":"search_term_string"}}],"inLanguage":"es"}]}},"_links":{"self":[{"href":"https:\/\/www.rosesinteriors.com\/es\/wp-json\/wp\/v2\/pages\/25334","targetHints":{"allow":["GET"]}}],"collection":[{"href":"https:\/\/www.rosesinteriors.com\/es\/wp-json\/wp\/v2\/pages"}],"about":[{"href":"https:\/\/www.rosesinteriors.com\/es\/wp-json\/wp\/v2\/types\/page"}],"author":[{"embeddable":true,"href":"https:\/\/www.rosesinteriors.com\/es\/wp-json\/wp\/v2\/users\/4"}],"replies":[{"embeddable":true,"href":"https:\/\/www.rosesinteriors.com\/es\/wp-json\/wp\/v2\/comments?post=25334"}],"version-history":[{"count":0,"href":"https:\/\/www.rosesinteriors.com\/es\/wp-json\/wp\/v2\/pages\/25334\/revisions"}],"wp:attachment":[{"href":"https:\/\/www.rosesinteriors.com\/es\/wp-json\/wp\/v2\/media?parent=25334"}],"curies":[{"name":"wp","href":"https:\/\/api.w.org\/{rel}","templated":true}]}}