{"id":25360,"date":"2020-12-21T10:15:29","date_gmt":"2020-12-21T10:15:29","guid":{"rendered":"https:\/\/www.rosesinteriors.com\/politica-de-privacidad\/"},"modified":"2025-01-22T09:40:09","modified_gmt":"2025-01-22T09:40:09","slug":"politica-de-privacidad","status":"publish","type":"page","link":"https:\/\/www.rosesinteriors.com\/es\/politica-de-privacidad\/","title":{"rendered":"Pol\u00edtica de privacidad"},"content":{"rendered":"\t\t<div data-elementor-type=\"wp-page\" data-elementor-id=\"25360\" class=\"elementor elementor-25360 elementor-6381\" data-elementor-post-type=\"page\">\n\t\t\t\t\t\t<section class=\"elementor-section elementor-top-section elementor-element elementor-element-15ca0ab3 elementor-section-boxed elementor-section-height-default elementor-section-height-default\" data-id=\"15ca0ab3\" data-element_type=\"section\" data-e-type=\"section\">\n\t\t\t\t\t\t<div class=\"elementor-container elementor-column-gap-default\">\n\t\t\t\t\t<div class=\"elementor-column elementor-col-100 elementor-top-column elementor-element elementor-element-14d1230e\" data-id=\"14d1230e\" data-element_type=\"column\" data-e-type=\"column\">\n\t\t\t<div class=\"elementor-widget-wrap elementor-element-populated\">\n\t\t\t\t\t\t<div class=\"elementor-element elementor-element-c51079a elementor-widget elementor-widget-heading\" data-id=\"c51079a\" data-element_type=\"widget\" data-e-type=\"widget\" data-widget_type=\"heading.default\">\n\t\t\t\t<div class=\"elementor-widget-container\">\n\t\t\t\t\t<h2 class=\"elementor-heading-title elementor-size-default\">Pol\u00edtica de privacidad<\/h2>\t\t\t\t<\/div>\n\t\t\t\t<\/div>\n\t\t\t\t<div class=\"elementor-element elementor-element-1d13ee21 elementor-widget elementor-widget-text-editor\" data-id=\"1d13ee21\" data-element_type=\"widget\" data-e-type=\"widget\" data-widget_type=\"text-editor.default\">\n\t\t\t\t<div class=\"elementor-widget-container\">\n\t\t\t\t\t\t\t\t\t\n<p>Roses Interiors SL te informa sobre su Pol\u00edtica de Privacidad respecto al tratamiento y protecci\u00f3n de los datos de car\u00e1cter personal de los usuarios y clientes que puedan ser recabados por la navegaci\u00f3n o contrataci\u00f3n de servicios a trav\u00e9s del sitio web Ros\u00e9s Interiors.<\/p>\n\n\n\n<p>En este sentido, el Titular garantiza el cumplimiento de la normativa vigente en materia de protecci\u00f3n de datos personales, reflejada en la Ley org\u00e1nica 3\/2018, de 5 de diciembre, de Protecci\u00f3n de Datos Personales y de Garant\u00eda de Derechos Digitales (LOPD GDD) . Cumple tambi\u00e9n con el Reglamento (UE) 2016\/679 del Parlamento Europeo y del Consejo de 27 de abril de 2016 relativo a la protecci\u00f3n de las personas f\u00edsicas (RGPD). <\/p>\n\n\n\n<p>El uso del sitio web implica la aceptaci\u00f3n de esta Pol\u00edtica de Privacidad as\u00ed como las condiciones incluidas en el Aviso Legal.<\/p>\n\n\n\n<p>En el tratamiento de tus datos personales, el Titular aplicar\u00e1 los siguientes principios que se ajustan a las exigencias del nuevo reglamento europeo de protecci\u00f3n de datos:<\/p>\n\n\n\n<p>Principio de licitud, lealtad y transparencia: El Titular siempre requerir\u00e1 el consentimiento para el tratamiento de tus datos personales que puede ser para uno o varios fines espec\u00edficos sobre los que te informar\u00e1 previamente con absoluta transparencia.<\/p>\n\n\n\n<p><br>Principio de minimizaci\u00f3n de datos: El Titular te solicitar\u00e1 s\u00f3lo los datos estrictamente necesarios para el fin o fines que los solicita.<br> Principio de limitaci\u00f3n del plazo de conservaci\u00f3n: Los datos se mantendr\u00e1n durante el tiempo estrictamente necesario para el fin o fines del tratamiento.<\/p>\n\n\n\n<p><br>El Titular te informar\u00e1 del plazo de conservaci\u00f3n correspondiente seg\u00fan su finalidad. En caso de suscripciones, el Titular revisar\u00e1 peri\u00f3dicamente las listas y eliminar\u00e1 aquellos registros inactivos durante un tiempo considerable.<br> Principio de integridad y confidencialidad: tus datos ser\u00e1n tratados de tal forma que su seguridad, confidencialidad e integridad est\u00e9 garantizada. Debes saber que el Titular toma las precauciones necesarias para evitar el acceso no autorizado o uso indebido de los datos de sus usuarios por parte de terceros.  <\/p>\n\n\n\n<p><strong>Identidad del responsable<\/strong> :<\/p>\n\n\n\n<p>Titular: Roses Interiors SL<br> NIF\/CIF: CIF B64169709<br> Domicilio: Josep Coroleu, 80<br> C\u00f3digo postal: 088000 Vilanova i la Geltr\u00fa, Barcelona<br> Correo electr\u00f3nico: vilanova@rosesinteriors.com<br> Sitio web: rosesinteriors.com<\/p>\n\n\n\n<p><\/p>\n\n\n\n<p><strong>Tus derechos<\/strong><\/p>\n\n\n\n<p>El Titular te informa que sobre tus datos personales tienes derecho a:<\/p>\n\n\n\n<p>Solicitar el acceso a los datos almacenados.<br> Solicitar una rectificaci\u00f3n o cancelaci\u00f3n.<br> Solicitar la limitaci\u00f3n de su tratamiento.<br> Oponerte al tratamiento.<br> Solicitar la portabilidad de tus datos.<\/p>\n\n\n\n<p>El ejercicio de estos derechos es personal y por tanto debe ser ejercido directamente por el interesado, solicit\u00e1ndolo directamente al Titular, lo que significa que cualquier cliente, suscriptor o colaborador que haya facilitado sus datos en alg\u00fan momento puede dirigirse al Titular y pedir informaci\u00f3n sobre los datos que tiene almacenados y c\u00f3mo los ha obtenido, solicitar la rectificaci\u00f3n de \u00e9stos, solicitar la portabilidad de sus datos personales, oponerse al tratamiento, limitar su uso o solicitar la cancelaci\u00f3n de estos datos en los ficheros del Titular.<\/p>\n\n\n\n<p>Tienes derecho a la tutela judicial efectiva ya presentar una reclamaci\u00f3n ante la autoridad de control, en este caso, la Agencia Espa\u00f1ola de Protecci\u00f3n de Datos, si consideras que el tratamiento de datos personales que te ata\u00f1en infringe el Reglamento.<\/p>\n\n\n\n<p><\/p>\n\t\t\t\t\t\t\t\t<\/div>\n\t\t\t\t<\/div>\n\t\t\t\t\t<\/div>\n\t\t<\/div>\n\t\t\t\t\t<\/div>\n\t\t<\/section>\n\t\t\t\t<\/div>\n\t\t","protected":false},"excerpt":{"rendered":"<p>Pol\u00edtica de privacidad Roses Interiors SL te informa sobre su Pol\u00edtica de Privacidad respecto al tratamiento y protecci\u00f3n de los datos de car\u00e1cter personal de los usuarios y clientes que puedan ser recabados por la navegaci\u00f3n o contrataci\u00f3n de servicios a trav\u00e9s del sitio web Ros\u00e9s Interiors. En este sentido, el Titular garantiza el cumplimiento [&hellip;]<\/p>\n","protected":false},"author":4,"featured_media":0,"parent":0,"menu_order":0,"comment_status":"closed","ping_status":"closed","template":"elementor_header_footer","meta":{"footnotes":""},"class_list":["post-25360","page","type-page","status-publish","hentry"],"yoast_head":"<!-- This site is optimized with the Yoast SEO plugin v27.5 - https:\/\/yoast.com\/product\/yoast-seo-wordpress\/ -->\n<title>Pol\u00edtica de privacidad -<\/title>\n<meta name=\"robots\" content=\"index, follow, max-snippet:-1, max-image-preview:large, max-video-preview:-1\" \/>\n<link rel=\"canonical\" href=\"https:\/\/www.rosesinteriors.com\/es\/politica-de-privacidad\/\" \/>\n<meta property=\"og:locale\" content=\"es_ES\" \/>\n<meta property=\"og:type\" content=\"article\" \/>\n<meta property=\"og:title\" content=\"Pol\u00edtica de privacidad -\" \/>\n<meta property=\"og:description\" content=\"Pol\u00edtica de privacidad Roses Interiors SL te informa sobre su Pol\u00edtica de Privacidad respecto al tratamiento y protecci\u00f3n de los datos de car\u00e1cter personal de los usuarios y clientes que puedan ser recabados por la navegaci\u00f3n o contrataci\u00f3n de servicios a trav\u00e9s del sitio web Ros\u00e9s Interiors. En este sentido, el Titular garantiza el cumplimiento [&hellip;]\" \/>\n<meta property=\"og:url\" content=\"https:\/\/www.rosesinteriors.com\/es\/politica-de-privacidad\/\" \/>\n<meta property=\"og:site_name\" content=\"Roses\" \/>\n<meta property=\"article:modified_time\" content=\"2025-01-22T09:40:09+00:00\" \/>\n<meta name=\"twitter:label1\" content=\"Tiempo de lectura\" \/>\n\t<meta name=\"twitter:data1\" content=\"3 minutos\" \/>\n<script type=\"application\/ld+json\" class=\"yoast-schema-graph\">{\"@context\":\"https:\\\/\\\/schema.org\",\"@graph\":[{\"@type\":\"WebPage\",\"@id\":\"https:\\\/\\\/www.rosesinteriors.com\\\/es\\\/politica-de-privacidad\\\/\",\"url\":\"https:\\\/\\\/www.rosesinteriors.com\\\/es\\\/politica-de-privacidad\\\/\",\"name\":\"Pol\u00edtica de privacidad -\",\"isPartOf\":{\"@id\":\"https:\\\/\\\/www.rosesinteriors.com\\\/es\\\/#website\"},\"datePublished\":\"2020-12-21T10:15:29+00:00\",\"dateModified\":\"2025-01-22T09:40:09+00:00\",\"breadcrumb\":{\"@id\":\"https:\\\/\\\/www.rosesinteriors.com\\\/es\\\/politica-de-privacidad\\\/#breadcrumb\"},\"inLanguage\":\"es\",\"potentialAction\":[{\"@type\":\"ReadAction\",\"target\":[\"https:\\\/\\\/www.rosesinteriors.com\\\/es\\\/politica-de-privacidad\\\/\"]}]},{\"@type\":\"BreadcrumbList\",\"@id\":\"https:\\\/\\\/www.rosesinteriors.com\\\/es\\\/politica-de-privacidad\\\/#breadcrumb\",\"itemListElement\":[{\"@type\":\"ListItem\",\"position\":1,\"name\":\"Home\",\"item\":\"https:\\\/\\\/www.rosesinteriors.com\\\/es\\\/hombre\\\/\"},{\"@type\":\"ListItem\",\"position\":2,\"name\":\"Pol\u00edtica de privacidad\"}]},{\"@type\":\"WebSite\",\"@id\":\"https:\\\/\\\/www.rosesinteriors.com\\\/es\\\/#website\",\"url\":\"https:\\\/\\\/www.rosesinteriors.com\\\/es\\\/\",\"name\":\"Roses\",\"description\":\"Cuines i disseny\",\"potentialAction\":[{\"@type\":\"SearchAction\",\"target\":{\"@type\":\"EntryPoint\",\"urlTemplate\":\"https:\\\/\\\/www.rosesinteriors.com\\\/es\\\/?s={search_term_string}\"},\"query-input\":{\"@type\":\"PropertyValueSpecification\",\"valueRequired\":true,\"valueName\":\"search_term_string\"}}],\"inLanguage\":\"es\"}]}<\/script>\n<!-- \/ Yoast SEO plugin. -->","yoast_head_json":{"title":"Pol\u00edtica de privacidad -","robots":{"index":"index","follow":"follow","max-snippet":"max-snippet:-1","max-image-preview":"max-image-preview:large","max-video-preview":"max-video-preview:-1"},"canonical":"https:\/\/www.rosesinteriors.com\/es\/politica-de-privacidad\/","og_locale":"es_ES","og_type":"article","og_title":"Pol\u00edtica de privacidad -","og_description":"Pol\u00edtica de privacidad Roses Interiors SL te informa sobre su Pol\u00edtica de Privacidad respecto al tratamiento y protecci\u00f3n de los datos de car\u00e1cter personal de los usuarios y clientes que puedan ser recabados por la navegaci\u00f3n o contrataci\u00f3n de servicios a trav\u00e9s del sitio web Ros\u00e9s Interiors. En este sentido, el Titular garantiza el cumplimiento [&hellip;]","og_url":"https:\/\/www.rosesinteriors.com\/es\/politica-de-privacidad\/","og_site_name":"Roses","article_modified_time":"2025-01-22T09:40:09+00:00","twitter_misc":{"Tiempo de lectura":"3 minutos"},"schema":{"@context":"https:\/\/schema.org","@graph":[{"@type":"WebPage","@id":"https:\/\/www.rosesinteriors.com\/es\/politica-de-privacidad\/","url":"https:\/\/www.rosesinteriors.com\/es\/politica-de-privacidad\/","name":"Pol\u00edtica de privacidad -","isPartOf":{"@id":"https:\/\/www.rosesinteriors.com\/es\/#website"},"datePublished":"2020-12-21T10:15:29+00:00","dateModified":"2025-01-22T09:40:09+00:00","breadcrumb":{"@id":"https:\/\/www.rosesinteriors.com\/es\/politica-de-privacidad\/#breadcrumb"},"inLanguage":"es","potentialAction":[{"@type":"ReadAction","target":["https:\/\/www.rosesinteriors.com\/es\/politica-de-privacidad\/"]}]},{"@type":"BreadcrumbList","@id":"https:\/\/www.rosesinteriors.com\/es\/politica-de-privacidad\/#breadcrumb","itemListElement":[{"@type":"ListItem","position":1,"name":"Home","item":"https:\/\/www.rosesinteriors.com\/es\/hombre\/"},{"@type":"ListItem","position":2,"name":"Pol\u00edtica de privacidad"}]},{"@type":"WebSite","@id":"https:\/\/www.rosesinteriors.com\/es\/#website","url":"https:\/\/www.rosesinteriors.com\/es\/","name":"Roses","description":"Cuines i disseny","potentialAction":[{"@type":"SearchAction","target":{"@type":"EntryPoint","urlTemplate":"https:\/\/www.rosesinteriors.com\/es\/?s={search_term_string}"},"query-input":{"@type":"PropertyValueSpecification","valueRequired":true,"valueName":"search_term_string"}}],"inLanguage":"es"}]}},"_links":{"self":[{"href":"https:\/\/www.rosesinteriors.com\/es\/wp-json\/wp\/v2\/pages\/25360","targetHints":{"allow":["GET"]}}],"collection":[{"href":"https:\/\/www.rosesinteriors.com\/es\/wp-json\/wp\/v2\/pages"}],"about":[{"href":"https:\/\/www.rosesinteriors.com\/es\/wp-json\/wp\/v2\/types\/page"}],"author":[{"embeddable":true,"href":"https:\/\/www.rosesinteriors.com\/es\/wp-json\/wp\/v2\/users\/4"}],"replies":[{"embeddable":true,"href":"https:\/\/www.rosesinteriors.com\/es\/wp-json\/wp\/v2\/comments?post=25360"}],"version-history":[{"count":0,"href":"https:\/\/www.rosesinteriors.com\/es\/wp-json\/wp\/v2\/pages\/25360\/revisions"}],"wp:attachment":[{"href":"https:\/\/www.rosesinteriors.com\/es\/wp-json\/wp\/v2\/media?parent=25360"}],"curies":[{"name":"wp","href":"https:\/\/api.w.org\/{rel}","templated":true}]}}